{"id":14558,"date":"2026-04-07T19:52:28","date_gmt":"2026-04-07T17:52:28","guid":{"rendered":"https:\/\/deep-space-astronomy.ch\/?post_type=product&#038;p=14558"},"modified":"2026-04-07T19:52:42","modified_gmt":"2026-04-07T17:52:42","slug":"skywatcher-starquest-dx127mc","status":"publish","type":"product","link":"https:\/\/deep-space-astronomy.ch\/en\/product\/skywatcher-starquest-dx127mc\/","title":{"rendered":"Skywatcher STARQUEST DX127MC"},"content":{"rendered":"<h3>Skywatcher STARQUEST DX127MC: high-resolution Maksutov telescope with Deluxe equatorial mount<\/h3>\n<p>Visit <strong>Skywatcher STARQUEST DX127MC<\/strong> is a high-performance telescope designed for demanding beginners and intermediate observers looking for a compact, powerful and precise instrument. Part of the STARQUEST DX series, it combines high-quality Maksutov-Cassegrain optics with a sturdy Deluxe equatorial mount, offering an excellent observing experience without compromise.<\/p>\n<p>Thanks to its 127 mm diameter and compact design, this telescope is ideal for detailed observation of the solar system, while remaining easy to transport.<\/p>\n<h3>Maksutov-Cassegrain optics: precision and contrast<\/h3>\n<p>The STARQUEST DX127MC features an innovative <strong>Maksutov-Cassegrain catadioptric system<\/strong>, This is a combination of mirrors and a front corrective lens. This architecture makes it possible to obtain a long focal length in a short tube, facilitating transport while maintaining excellent optical performance.<\/p>\n<p>With a diameter of <strong>127 mm<\/strong> and a focal length of <strong>1500 mm (f\/11.8)<\/strong>, This telescope is particularly suitable for :<\/p>\n<ul>\n<li>detailed observation of the Moon<\/li>\n<li>planets such as Jupiter, Saturn and Mars<\/li>\n<li>double stars<\/li>\n<\/ul>\n<p>Its fully integrated optical system <strong>multilayer treated<\/strong> maximizes light transmission and contrast, for crisp, clear images. Coating <strong>RAQ\u2122<\/strong> provides up to <strong>94 % reflectivity<\/strong>, guaranteeing long-lasting performance.<\/p>\n<p>With <strong>55 % more light than a 102 mm model<\/strong>, It reveals even more detail, especially on planetary objects.<\/p>\n<h3>STARQUEST DX Deluxe equatorial mount: stability and smooth tracking<\/h3>\n<p>The frame <strong>STARQUEST DX Deluxe<\/strong> is an equatorial mount designed for precise, comfortable tracking. After polar alignment, it allows easy tracking of celestial objects thanks to its <strong>slow motion commands<\/strong> on the right ascension (RA) and declination (DEC) axes.<\/p>\n<p>It is equipped with :<\/p>\n<ul>\n<li>360\u00b0 precision gears<\/li>\n<li>clutches on both axes<\/li>\n<li>graduated circles for scoring<\/li>\n<li>worm and helical gear transmission<\/li>\n<\/ul>\n<p>Its load capacity of <strong>5 kg<\/strong> provides excellent stability, reinforced by a <strong>adjustable stainless steel tripod<\/strong>. An optional motor for the RA axis is available to automate tracking.<\/p>\n<h3>Compact, portable design<\/h3>\n<p>Thanks to its compact design, the Maksutov tube is easy to transport and install. The lightweight mount (1.4 kg head) and adjustable tripod (680 mm to 1160 mm) make this telescope particularly suitable for outdoor or travelling observations.<\/p>\n<p>Its compact size makes it an excellent choice for astronomers looking for a powerful instrument without excessive bulk.<\/p>\n<h3>Accessories included for immediate use<\/h3>\n<p>The STARQUEST DX127MC comes with a complete set of accessories:<\/p>\n<ul>\n<li>10 mm and 20 mm eyepieces (x75 and x150 magnifications)<\/li>\n<li>red dot finder for quick identification<\/li>\n<li>90\u00b0 angled return for optimum viewing comfort<\/li>\n<li>universal smartphone adapter (54 to 90 mm)<\/li>\n<\/ul>\n<p>The smartphone adapter makes it easy to capture images of the Moon and planets, ideal for beginners in astrophotography.<\/p>\n<h3>Performance and global specialization<\/h3>\n<p>With a theoretical maximum magnification of <strong>x254<\/strong>, This telescope is particularly well-suited to high-magnification observations. Its long focal length makes it ideal for fine detail and high-resolution observations.<\/p>\n<p>Although optimized for planetary viewing, it can also be used to observe some bright deep-sky objects, offering good versatility.<\/p>\n<p>Its optical quality, stability and ease of use make it an excellent choice for rapid progress in astronomy.<\/p>\n<h3>Technical data table<\/h3>\n<table border=\"1\" cellspacing=\"0\" cellpadding=\"8\">\n<tbody>\n<tr>\n<th>Features<\/th>\n<th>Detail<\/th>\n<\/tr>\n<tr>\n<td>Optical type<\/td>\n<td>Maksutov-Cassegrain<\/td>\n<\/tr>\n<tr>\n<td>Diameter<\/td>\n<td>127 mm<\/td>\n<\/tr>\n<tr>\n<td>Focal length<\/td>\n<td>1500 mm<\/td>\n<\/tr>\n<tr>\n<td>Focus report<\/td>\n<td>f\/11.8<\/td>\n<\/tr>\n<tr>\n<td>Magnifications supplied<\/td>\n<td>x75 and x150<\/td>\n<\/tr>\n<tr>\n<td>Maximum magnification<\/td>\n<td>x254<\/td>\n<\/tr>\n<tr>\n<td>Optical treatment<\/td>\n<td>RAQ\u2122 (94% reflectivity)<\/td>\n<\/tr>\n<tr>\n<td>Frame<\/td>\n<td>Equatorial STARQUEST DX Deluxe<\/td>\n<\/tr>\n<tr>\n<td>Load capacity<\/td>\n<td>5 kg<\/td>\n<\/tr>\n<tr>\n<td>Tripod<\/td>\n<td>Adjustable stainless steel<\/td>\n<\/tr>\n<tr>\n<td>Accessories included<\/td>\n<td>10 mm &amp; 20 mm eyepieces, red dot finder, smartphone adapter, angled deflector<\/td>\n<\/tr>\n<\/tbody>\n<\/table>\n<h3>Conclusion<\/h3>\n<p>Visit <strong>Skywatcher STARQUEST DX127MC<\/strong> is a compact, powerful telescope specializing in high-resolution observation. Its optical quality, stable equatorial mount and included accessories make it an excellent choice for enthusiasts wishing to observe the Moon and planets in detail, while benefiting from an upgradeable and durable instrument.<\/p>","protected":false},"excerpt":{"rendered":"<p>Skywatcher STARQUEST DX127MC : t\u00e9lescope Maksutov haute r\u00e9solution avec monture \u00e9quatoriale Deluxe Le Skywatcher STARQUEST DX127MC est un t\u00e9lescope performant con\u00e7u pour les astronomes d\u00e9butants exigeants et les observateurs interm\u00e9diaires souhaitant un instrument compact, puissant et pr\u00e9cis. Issu de la s\u00e9rie STARQUEST DX, il associe une optique Maksutov-Cassegrain de haute qualit\u00e9 \u00e0 une monture \u00e9quatoriale [&hellip;]<\/p>\n","protected":false},"featured_media":14559,"comment_status":"open","ping_status":"closed","template":"","meta":[],"product_brand":[822],"product_cat":[392,762,752,20],"product_tag":[],"class_list":{"0":"post-14558","1":"product","2":"type-product","3":"status-publish","4":"has-post-thumbnail","6":"product_brand-sky-watcher","7":"product_cat-telescopes_reflecteurs","8":"product_cat-equatoriales","9":"product_cat-maksutov-cassegrain","10":"product_cat-montures","12":"first","13":"on_supplier","14":"taxable","15":"shipping-taxable","16":"purchasable","17":"product-type-simple"},"_links":{"self":[{"href":"https:\/\/deep-space-astronomy.ch\/en\/wp-json\/wp\/v2\/product\/14558","targetHints":{"allow":["GET"]}}],"collection":[{"href":"https:\/\/deep-space-astronomy.ch\/en\/wp-json\/wp\/v2\/product"}],"about":[{"href":"https:\/\/deep-space-astronomy.ch\/en\/wp-json\/wp\/v2\/types\/product"}],"replies":[{"embeddable":true,"href":"https:\/\/deep-space-astronomy.ch\/en\/wp-json\/wp\/v2\/comments?post=14558"}],"wp:featuredmedia":[{"embeddable":true,"href":"https:\/\/deep-space-astronomy.ch\/en\/wp-json\/wp\/v2\/media\/14559"}],"wp:attachment":[{"href":"https:\/\/deep-space-astronomy.ch\/en\/wp-json\/wp\/v2\/media?parent=14558"}],"wp:term":[{"taxonomy":"product_brand","embeddable":true,"href":"https:\/\/deep-space-astronomy.ch\/en\/wp-json\/wp\/v2\/product_brand?post=14558"},{"taxonomy":"product_cat","embeddable":true,"href":"https:\/\/deep-space-astronomy.ch\/en\/wp-json\/wp\/v2\/product_cat?post=14558"},{"taxonomy":"product_tag","embeddable":true,"href":"https:\/\/deep-space-astronomy.ch\/en\/wp-json\/wp\/v2\/product_tag?post=14558"}],"curies":[{"name":"wp","href":"https:\/\/api.w.org\/{rel}","templated":true}]}}