{"id":14648,"date":"2026-04-13T15:39:28","date_gmt":"2026-04-13T13:39:28","guid":{"rendered":"https:\/\/deep-space-astronomy.ch\/?post_type=product&#038;p=14648"},"modified":"2026-04-13T15:40:33","modified_gmt":"2026-04-13T13:40:33","slug":"sky-watcher-skymax-150-fusion-120i","status":"publish","type":"product","link":"https:\/\/deep-space-astronomy.ch\/en\/product\/sky-watcher-skymax-150-fusion-120i\/","title":{"rendered":"Sky-Watcher SKYMAX-150 Fusion-120i"},"content":{"rendered":"<h3>Sky-Watcher SKYMAX-150 Fusion-120i WiFi Go-To telescope: freedom, power and wireless control<\/h3>\n<p>Visit <strong>Sky-Watcher SKYMAX-150 Fusion-120i<\/strong> is a modern, high-performance solution for astronomers who want to combine <strong>optical power, ease of use and wireless control<\/strong>. Thanks to its smart mount with integrated Wi-Fi and its 150 mm Maksutov-Cassegrain tube, this set is ideal for detailed observation of the <strong>Moon, planets and double stars<\/strong>.<\/p>\n<p>With its long focal length of <strong>1800 mm (f\/12)<\/strong>, The SKYMAX-150 is particularly well-suited to high-magnification observations. It offers a magnification of <strong>x64<\/strong> with the supplied eyepiece and can reach up to <strong>x450<\/strong> conditions, enabling precise exploration of the <strong>lunar craters, Saturn's rings or Jupiter's atmospheric details<\/strong>.<\/p>\n<h3>High-resolution Maksutov-Cassegrain optics<\/h3>\n<p>The SKYMAX-150 optical tube is based on an innovative <strong>Maksutov-Cassegrain<\/strong>, renowned for its <strong>exceptional image quality and high contrast<\/strong>. Its closed design limits internal turbulence and effectively protects the optics.<\/p>\n<p>The mirrors are treated <strong>Radiant\u2122 Aluminum Quartz (RAQ\u2122)<\/strong>, offering up to <strong>94% reflectivity<\/strong>. This treatment guarantees images that are bright, sharp and long-lasting.<\/p>\n<p>Focusing by displacement of the primary mirror enables fine adjustment, essential for taking full advantage of the telescope's high-magnification potential.<\/p>\n<h3>Fusion-120i mount: intelligent, wireless control<\/h3>\n<p>Visit <strong>Fusion-120i WiFi Go-To mount<\/strong> revolutionizes the viewing experience with its <strong>integrated Wi-Fi module<\/strong>. It creates its own network, allowing the telescope to be controlled directly from a <strong>smartphone or tablet<\/strong> via free applications <strong>SynScan or SynScan PRO<\/strong> (iOS and Android).<\/p>\n<p>After a simple alignment procedure, you can explore the sky via an intuitive interface and access a vast database of celestial objects. The mount can also be controlled via <strong>Bluetooth<\/strong> or with the <strong>SynScan racket included<\/strong>, integrating over <strong>42,900 items<\/strong> from the Messier, NGC and IC catalogs.<\/p>\n<p>The SynScan application offers many advanced features such as :<\/p>\n<ul>\n<li>Tonight's Best\u00ab sky tour<\/li>\n<li>Point and Go\u00ab tactile pointing<\/li>\n<li>Identifying celestial objects<\/li>\n<li>Simplified alignment (1 star, 3 stars, bright star, North level)<\/li>\n<li>Improved pointing accuracy (PAE)<\/li>\n<\/ul>\n<h3>A versatile, portable frame<\/h3>\n<p>Fusion-120i is a <strong>Single-arm Alt-Azimuthale<\/strong> with a load capacity of <strong>12 kg<\/strong>, perfectly adapted to the SKYMAX-150. It accepts dovetails from <strong>45 mm and 75 mm<\/strong> thanks to its double fastening system.<\/p>\n<p>Easy to transport thanks to its <strong>integrated handle<\/strong>, It is ideal for mobile astronomers. Its power supply is flexible: it can operate with a <strong>rechargeable internal lithium-ion battery<\/strong> offering up to <strong>10 hours of autonomy<\/strong>, or via an external power supply <strong>12V DC<\/strong>.<\/p>\n<p>For users wishing to move on to astrophotography, a special <strong>equatorial hold<\/strong> (optional) converts the mount to equatorial mode.<\/p>\n<h3>Viewing comfort and stability<\/h3>\n<p>The telescope is supplied with a <strong>2\u201d 28 mm eyepiece<\/strong>a <strong>2\u201d (50.8 mm) angled return<\/strong> and a <strong>9\u00d750 optical finder<\/strong>, for a comfortable, precise viewing experience.<\/p>\n<p>The tripod in <strong>stainless steel<\/strong> with accessory tray ensures excellent stability, essential for high-magnification observations.<\/p>\n<h3>Technical specifications of the Sky-Watcher SKYMAX-150 Fusion-120i<\/h3>\n<table border=\"1\" cellspacing=\"0\" cellpadding=\"8\">\n<tbody>\n<tr>\n<th>Features<\/th>\n<th>Detail<\/th>\n<\/tr>\n<tr>\n<td>Optical type<\/td>\n<td>Maksutov-Cassegrain<\/td>\n<\/tr>\n<tr>\n<td>Diameter<\/td>\n<td>150 mm<\/td>\n<\/tr>\n<tr>\n<td>Focal length<\/td>\n<td>1800 mm<\/td>\n<\/tr>\n<tr>\n<td>Focus report<\/td>\n<td>f\/12<\/td>\n<\/tr>\n<tr>\n<td>Magnification supplied<\/td>\n<td>x64<\/td>\n<\/tr>\n<tr>\n<td>Maximum magnification<\/td>\n<td>x450<\/td>\n<\/tr>\n<tr>\n<td>Eyepiece included<\/td>\n<td>28 mm (2\u201d)<\/td>\n<\/tr>\n<tr>\n<td>Researcher<\/td>\n<td>9\u00d750 with stand<\/td>\n<\/tr>\n<tr>\n<td>Angled return<\/td>\n<td>2\u201d \/ 50.8 mm<\/td>\n<\/tr>\n<tr>\n<td>Frame<\/td>\n<td>Fusion-120i WiFi Go-To (Alt-Azimutale)<\/td>\n<\/tr>\n<tr>\n<td>Load capacity<\/td>\n<td>12 kg<\/td>\n<\/tr>\n<tr>\n<td>Control<\/td>\n<td>Wi-Fi, Bluetooth, SynScan paddle<\/td>\n<\/tr>\n<tr>\n<td>Database<\/td>\n<td>42 900+ items<\/td>\n<\/tr>\n<tr>\n<td>Power supply<\/td>\n<td>Internal battery or 12V DC<\/td>\n<\/tr>\n<tr>\n<td>Autonomy<\/td>\n<td>Up to 10 hours<\/td>\n<\/tr>\n<tr>\n<td>Tripod<\/td>\n<td>Stainless steel with tray<\/td>\n<\/tr>\n<tr>\n<td>Total weight<\/td>\n<td>Approx. 8 kg (mount + tripod)<\/td>\n<\/tr>\n<tr>\n<td>Tube weight<\/td>\n<td>5.3 kg<\/td>\n<\/tr>\n<\/tbody>\n<\/table>\n<h3>Why choose the SKYMAX-150 Fusion-120i?<\/h3>\n<p>Visit <strong>Sky-Watcher SKYMAX-150 Fusion-120i<\/strong> is a modern and versatile telescope, perfect for astronomers who want to get the most out of their telescope. <strong>a simple, connected, high-performance experience<\/strong>. Its combination of <strong>powerful optics, smart frame and great portability<\/strong> makes it an excellent choice for exploring the sky in total freedom, whether you're an advanced beginner or an experienced user.<\/p>","protected":false},"excerpt":{"rendered":"<p>Telescope Sky-Watcher SKYMAX-150 Fusion-120i WiFi Go-To : libert\u00e9, puissance et contr\u00f4le sans fil Le Sky-Watcher SKYMAX-150 Fusion-120i est une solution moderne et performante pour les astronomes souhaitant allier puissance optique, simplicit\u00e9 d\u2019utilisation et contr\u00f4le sans fil. Gr\u00e2ce \u00e0 sa monture intelligente avec Wi-Fi int\u00e9gr\u00e9 et \u00e0 son tube Maksutov-Cassegrain de 150 mm, cet ensemble est [&hellip;]<\/p>\n","protected":false},"featured_media":14649,"comment_status":"open","ping_status":"closed","template":"","meta":[],"product_brand":[822],"product_cat":[392,759,752,20],"product_tag":[],"class_list":{"0":"post-14648","1":"product","2":"type-product","3":"status-publish","4":"has-post-thumbnail","6":"product_brand-sky-watcher","7":"product_cat-telescopes_reflecteurs","8":"product_cat-alt-azimutales","9":"product_cat-maksutov-cassegrain","10":"product_cat-montures","12":"first","13":"on_supplier","14":"taxable","15":"shipping-taxable","16":"purchasable","17":"product-type-simple"},"_links":{"self":[{"href":"https:\/\/deep-space-astronomy.ch\/en\/wp-json\/wp\/v2\/product\/14648","targetHints":{"allow":["GET"]}}],"collection":[{"href":"https:\/\/deep-space-astronomy.ch\/en\/wp-json\/wp\/v2\/product"}],"about":[{"href":"https:\/\/deep-space-astronomy.ch\/en\/wp-json\/wp\/v2\/types\/product"}],"replies":[{"embeddable":true,"href":"https:\/\/deep-space-astronomy.ch\/en\/wp-json\/wp\/v2\/comments?post=14648"}],"wp:featuredmedia":[{"embeddable":true,"href":"https:\/\/deep-space-astronomy.ch\/en\/wp-json\/wp\/v2\/media\/14649"}],"wp:attachment":[{"href":"https:\/\/deep-space-astronomy.ch\/en\/wp-json\/wp\/v2\/media?parent=14648"}],"wp:term":[{"taxonomy":"product_brand","embeddable":true,"href":"https:\/\/deep-space-astronomy.ch\/en\/wp-json\/wp\/v2\/product_brand?post=14648"},{"taxonomy":"product_cat","embeddable":true,"href":"https:\/\/deep-space-astronomy.ch\/en\/wp-json\/wp\/v2\/product_cat?post=14648"},{"taxonomy":"product_tag","embeddable":true,"href":"https:\/\/deep-space-astronomy.ch\/en\/wp-json\/wp\/v2\/product_tag?post=14648"}],"curies":[{"name":"wp","href":"https:\/\/api.w.org\/{rel}","templated":true}]}}