{"id":1578,"date":"2024-12-28T09:08:40","date_gmt":"2024-12-28T08:08:40","guid":{"rendered":"https:\/\/deep-space-astronomy.geekworkers.dev\/?post_type=product&#038;p=1578"},"modified":"2025-06-03T10:37:24","modified_gmt":"2025-06-03T08:37:24","slug":"explore-scientific-1-25-62-26-mm","status":"publish","type":"product","link":"https:\/\/deep-space-astronomy.ch\/en\/product\/explore-scientific-1-25-62-26-mm\/","title":{"rendered":"Explore Scientific 1.25\u2033 62\u00b0 - 26 mm"},"content":{"rendered":"<div>\n<h3>High-end visual experience<\/h3>\n<p>\n    Discover Explore Scientific's 62\u00b0 eyepiece series, designed to offer a high-end visual experience to all enthusiasts, including spectacle wearers, thanks to generous eye clearance.\n  <\/p>\n<h3>Exceptional Image Sharpness<\/h3>\n<p>\n    Enjoy exceptional image sharpness across the entire field of view, even with very bright lenses.\n  <\/p>\n<h3>Manufacturing quality and durability<\/h3>\n<p>\n    Their impeccable manufacturing quality, airtightness and argon filling ensure exemplary resistance to the elements.\n  <\/p>\n<h3>Reliable investment<\/h3>\n<p>\n    Investing in these eyepieces means opting for a reliable, long-lasting solution that will accompany you on your celestial explorations for many years to come.\n  <\/p>\n<\/div>","protected":false},"excerpt":{"rendered":"<p>Exp\u00e9rience Visuelle Haut de Gamme D\u00e9couvrez la s\u00e9rie d\u2019oculaires 62\u00b0 d\u2019Explore Scientific, con\u00e7ue pour offrir une exp\u00e9rience visuelle haut de gamme \u00e0 tous les passionn\u00e9s, y compris les porteurs de lunettes, gr\u00e2ce \u00e0 un g\u00e9n\u00e9reux d\u00e9gagement oculaire. Nettet\u00e9 d\u2019Image Exceptionnelle Profitez d\u2019une nettet\u00e9 d\u2019image exceptionnelle sur l\u2019ensemble du champ visuel, m\u00eame avec des optiques tr\u00e8s [&hellip;]<\/p>\n","protected":false},"featured_media":5802,"comment_status":"open","ping_status":"closed","template":"","meta":[],"product_brand":[403],"product_cat":[19,368,695],"product_tag":[],"class_list":{"0":"post-1578","1":"product","2":"type-product","3":"status-publish","4":"has-post-thumbnail","6":"product_brand-explore-scientific","7":"product_cat-accessoires","8":"product_cat-visuel","9":"product_cat-oculaires-et-smart-oculaires","11":"first","12":"on_supplier","13":"taxable","14":"shipping-taxable","15":"purchasable","16":"product-type-simple"},"_links":{"self":[{"href":"https:\/\/deep-space-astronomy.ch\/en\/wp-json\/wp\/v2\/product\/1578","targetHints":{"allow":["GET"]}}],"collection":[{"href":"https:\/\/deep-space-astronomy.ch\/en\/wp-json\/wp\/v2\/product"}],"about":[{"href":"https:\/\/deep-space-astronomy.ch\/en\/wp-json\/wp\/v2\/types\/product"}],"replies":[{"embeddable":true,"href":"https:\/\/deep-space-astronomy.ch\/en\/wp-json\/wp\/v2\/comments?post=1578"}],"wp:featuredmedia":[{"embeddable":true,"href":"https:\/\/deep-space-astronomy.ch\/en\/wp-json\/wp\/v2\/media\/5802"}],"wp:attachment":[{"href":"https:\/\/deep-space-astronomy.ch\/en\/wp-json\/wp\/v2\/media?parent=1578"}],"wp:term":[{"taxonomy":"product_brand","embeddable":true,"href":"https:\/\/deep-space-astronomy.ch\/en\/wp-json\/wp\/v2\/product_brand?post=1578"},{"taxonomy":"product_cat","embeddable":true,"href":"https:\/\/deep-space-astronomy.ch\/en\/wp-json\/wp\/v2\/product_cat?post=1578"},{"taxonomy":"product_tag","embeddable":true,"href":"https:\/\/deep-space-astronomy.ch\/en\/wp-json\/wp\/v2\/product_tag?post=1578"}],"curies":[{"name":"wp","href":"https:\/\/api.w.org\/{rel}","templated":true}]}}