{"id":1590,"date":"2024-12-28T09:25:20","date_gmt":"2024-12-28T08:25:20","guid":{"rendered":"https:\/\/deep-space-astronomy.geekworkers.dev\/?post_type=product&#038;p=1590"},"modified":"2025-06-03T10:37:32","modified_gmt":"2025-06-03T08:37:32","slug":"explore-scientific-2-52-40-mm","status":"publish","type":"product","link":"https:\/\/deep-space-astronomy.ch\/en\/product\/explore-scientific-2-52-40-mm\/","title":{"rendered":"Explore Scientific 2\u2033 52\u00b0 - 40 mm"},"content":{"rendered":"<div>\n<h3>52\u00b0 eyepiece series from Explore Scientific<\/h3>\n<p>\n    Discover Explore Scientific's 52\u00b0 eyepiece series, featuring exceptional image sharpness, remarkable contrast and observation comfort rarely matched in this price category. Perfect for obtaining ultra-defined images, even with very bright optics, they are particularly well suited to planetary observation.\n  <\/p>\n<h3>LER design<\/h3>\n<p>\n    Thanks to their LER (Long Eye Relief) design, they offer generous eye clearance, guaranteeing optimum visual comfort, even for spectacle wearers.\n  <\/p>\n<h3>Quality &amp; Price<\/h3>\n<p>\n    Unrivalled quality at an unbeatable price.\n  <\/p>\n<\/div>","protected":false},"excerpt":{"rendered":"<p>S\u00e9rie d\u2019oculaires 52\u00b0 d\u2019Explore Scientific D\u00e9couvrez la s\u00e9rie d\u2019oculaires 52\u00b0 d\u2019Explore Scientific, qui se d\u00e9marque par une nettet\u00e9 d\u2019image exceptionnelle, un contraste remarquable et un confort d\u2019observation rarement \u00e9gal\u00e9s dans cette cat\u00e9gorie de prix. Parfaits pour obtenir des images ultra-d\u00e9finies, m\u00eame avec des optiques tr\u00e8s lumineuses, ils s\u2019av\u00e8rent particuli\u00e8rement adapt\u00e9s \u00e0 l\u2019observation plan\u00e9taire. Conception LER [&hellip;]<\/p>\n","protected":false},"featured_media":5823,"comment_status":"open","ping_status":"closed","template":"","meta":[],"product_brand":[403],"product_cat":[19,368,695],"product_tag":[],"class_list":{"0":"post-1590","1":"product","2":"type-product","3":"status-publish","4":"has-post-thumbnail","6":"product_brand-explore-scientific","7":"product_cat-accessoires","8":"product_cat-visuel","9":"product_cat-oculaires-et-smart-oculaires","11":"first","12":"on_supplier","13":"taxable","14":"shipping-taxable","15":"purchasable","16":"product-type-simple"},"_links":{"self":[{"href":"https:\/\/deep-space-astronomy.ch\/en\/wp-json\/wp\/v2\/product\/1590","targetHints":{"allow":["GET"]}}],"collection":[{"href":"https:\/\/deep-space-astronomy.ch\/en\/wp-json\/wp\/v2\/product"}],"about":[{"href":"https:\/\/deep-space-astronomy.ch\/en\/wp-json\/wp\/v2\/types\/product"}],"replies":[{"embeddable":true,"href":"https:\/\/deep-space-astronomy.ch\/en\/wp-json\/wp\/v2\/comments?post=1590"}],"wp:featuredmedia":[{"embeddable":true,"href":"https:\/\/deep-space-astronomy.ch\/en\/wp-json\/wp\/v2\/media\/5823"}],"wp:attachment":[{"href":"https:\/\/deep-space-astronomy.ch\/en\/wp-json\/wp\/v2\/media?parent=1590"}],"wp:term":[{"taxonomy":"product_brand","embeddable":true,"href":"https:\/\/deep-space-astronomy.ch\/en\/wp-json\/wp\/v2\/product_brand?post=1590"},{"taxonomy":"product_cat","embeddable":true,"href":"https:\/\/deep-space-astronomy.ch\/en\/wp-json\/wp\/v2\/product_cat?post=1590"},{"taxonomy":"product_tag","embeddable":true,"href":"https:\/\/deep-space-astronomy.ch\/en\/wp-json\/wp\/v2\/product_tag?post=1590"}],"curies":[{"name":"wp","href":"https:\/\/api.w.org\/{rel}","templated":true}]}}