{"id":2123,"date":"2025-01-06T08:36:33","date_gmt":"2025-01-06T07:36:33","guid":{"rendered":"https:\/\/deep-space-astronomy.geekworkers.dev\/?post_type=product&#038;p=2123"},"modified":"2025-06-03T10:37:46","modified_gmt":"2025-06-03T08:37:46","slug":"oculaires-baader-morpheus-76-kit-6-pieces-125","status":"publish","type":"product","link":"https:\/\/deep-space-astronomy.ch\/en\/product\/oculaires-baader-morpheus-76-kit-6-pieces-125\/","title":{"rendered":"Baader Morpheus 76\u00b0 Eyepieces - 6-piece kit (1.25\u2033)"},"content":{"rendered":"<h3 style=\"text-align: center\"><strong>Morpheus\u00ae 76\u00b0 Complete Lens Set - An Exceptional Visual Experience<\/strong><\/h3>\n<p>Immerse yourself in uncompromising astronomical observation with the complete set of <strong>Morpheus\u00ae 76\u00b0 lenses<\/strong>designed to satisfy the most demanding astronomers. These top-of-the-range eyepieces offer exceptional sharpness right to the edge, unrivalled comfort and unrivalled mechanical and optical performance.<\/p>\n<h3><strong>Unrivalled Optical Performance<\/strong><\/h3>\n<ul>\n<li><strong>Stars sharp to the edge<\/strong> - The 76\u00b0 field of view guarantees exceptional sharpness across the entire flat field. Performance rivals that of the famous Zeiss Abbe II eyepieces, while offering a much wider field of view. Even with fast telescopes, stars remain perfectly defined, with no field curvature.<\/li>\n<li><strong>Minimum distortion<\/strong> - The advanced design of Morpheus\u00ae reduces angular distortion to preserve the fidelity of celestial forms.<\/li>\n<li><strong>Space exit effect<\/strong> - Thanks to their immersive design, these eyepieces literally plunge you into the heart of the stars, creating a visual experience where the edges of the field seem to disappear.<\/li>\n<\/ul>\n<h3><strong>Superior comfort and adaptability<\/strong><\/h3>\n<ul>\n<li><strong>Optimized eye clearance<\/strong> - At nearly 20 mm, these eyepieces are suitable for spectacle wearers and guarantee maximum comfort during long observations.<\/li>\n<li><strong>Suitable for binocular observation<\/strong> - Their slim, lightweight design offers perfect compatibility with binoculars, with no vignetting, and ergonomics to suit all nose shapes.<\/li>\n<li><strong>Luminescent marking<\/strong> - Engravings glow in the dark for easy identification of focal lengths, even in the dark.<\/li>\n<\/ul>\n<h3><strong>Photo and video versatility<\/strong><\/h3>\n<p>Each eyepiece has an M43 thread, ideal for :<\/p>\n<ul>\n<li>Afocal or ocular projection photography.<\/li>\n<li>Compatibility with the best cameras via T-2 or SP54 adapter rings.<\/li>\n<\/ul>\n<p>Thanks to this design, the Morpheus\u00ae set is an invaluable tool for capturing breathtaking images of the universe.<\/p>\n<h3><strong>Contents of the Complete Set<\/strong><\/h3>\n<p>This ensemble brings together <strong>six focal lengths<\/strong> of the Morpheus\u00ae series:<\/p>\n<p><strong>4.5 mm, 6.5 mm, 9 mm, 12.5 mm, 14 mm, and 17.5 mm<\/strong> - covering all applications, from planetary to deep sky.<\/p>\n<p>It also includes :<\/p>\n<ul>\n<li><strong>A case for Hyperion\u00ae\/Morpheus\u00ae lenses<\/strong> (value: 80 .-).<\/li>\n<li><strong>A Baader utility bag<\/strong> for accessories (value: 10.-).<\/li>\n<li><strong>Folding eyelets<\/strong> and accessories for eye relief adjustment.<\/li>\n<li><strong>Focal length index clips<\/strong> for quick identification.<\/li>\n<li><strong>A detailed manual<\/strong> 12-page catalogue with application examples and a complete list of compatible accessories.<\/li>\n<\/ul>\n<h3><strong>Technical specifications<\/strong><\/h3>\n<ul>\n<li><strong>Lightweight, robust construction<\/strong> - Ideal for use with binocular heads.<\/li>\n<li><strong>Phantom Coating\u00ae optimized<\/strong> - Reduces glare and improves light transmission.<\/li>\n<li><strong>Optimized internal openings<\/strong> - Effectively eliminate stray light.<\/li>\n<\/ul>\n<h3 style=\"text-align: center\"><strong>An uncompromising choice for demanding astronomers<\/strong><\/h3>\n<p>With their optical precision, mechanical versatility and innovative design, the <strong>Morpheus\u00ae 76\u00b0 (in French)<\/strong> are much more than a simple accessory. They're the ideal tool for exploring the universe, whether for observation or photography.<\/p>","protected":false},"excerpt":{"rendered":"<p>Ensemble Complet d\u2019Oculaires Morpheus\u00ae 76\u00b0 \u2013 Une Exp\u00e9rience Visuelle Exceptionnelle Plongez dans une observation astronomique sans compromis avec l\u2019ensemble complet des oculaires Morpheus\u00ae 76\u00b0, con\u00e7u pour satisfaire les astronomes exigeants. Ces oculaires haut de gamme offrent une nettet\u00e9 exceptionnelle jusqu\u2019au bord, un confort in\u00e9gal\u00e9 et des performances m\u00e9caniques et optiques hors pair. Des Performances Optiques [&hellip;]<\/p>\n","protected":false},"featured_media":2224,"comment_status":"open","ping_status":"closed","template":"","meta":[],"product_brand":[624],"product_cat":[19,368,695],"product_tag":[],"class_list":{"0":"post-2123","1":"product","2":"type-product","3":"status-publish","4":"has-post-thumbnail","6":"product_brand-baader","7":"product_cat-accessoires","8":"product_cat-visuel","9":"product_cat-oculaires-et-smart-oculaires","11":"first","12":"on_supplier","13":"taxable","14":"shipping-taxable","15":"purchasable","16":"product-type-simple"},"_links":{"self":[{"href":"https:\/\/deep-space-astronomy.ch\/en\/wp-json\/wp\/v2\/product\/2123","targetHints":{"allow":["GET"]}}],"collection":[{"href":"https:\/\/deep-space-astronomy.ch\/en\/wp-json\/wp\/v2\/product"}],"about":[{"href":"https:\/\/deep-space-astronomy.ch\/en\/wp-json\/wp\/v2\/types\/product"}],"replies":[{"embeddable":true,"href":"https:\/\/deep-space-astronomy.ch\/en\/wp-json\/wp\/v2\/comments?post=2123"}],"wp:featuredmedia":[{"embeddable":true,"href":"https:\/\/deep-space-astronomy.ch\/en\/wp-json\/wp\/v2\/media\/2224"}],"wp:attachment":[{"href":"https:\/\/deep-space-astronomy.ch\/en\/wp-json\/wp\/v2\/media?parent=2123"}],"wp:term":[{"taxonomy":"product_brand","embeddable":true,"href":"https:\/\/deep-space-astronomy.ch\/en\/wp-json\/wp\/v2\/product_brand?post=2123"},{"taxonomy":"product_cat","embeddable":true,"href":"https:\/\/deep-space-astronomy.ch\/en\/wp-json\/wp\/v2\/product_cat?post=2123"},{"taxonomy":"product_tag","embeddable":true,"href":"https:\/\/deep-space-astronomy.ch\/en\/wp-json\/wp\/v2\/product_tag?post=2123"}],"curies":[{"name":"wp","href":"https:\/\/api.w.org\/{rel}","templated":true}]}}