{"id":5649,"date":"2025-03-07T10:30:23","date_gmt":"2025-03-07T09:30:23","guid":{"rendered":"https:\/\/deep-space-astronomy.geekworkers.dev\/produit\/queue-daronde-pour-la-monture-vixen-polarie-u\/"},"modified":"2025-09-17T15:40:36","modified_gmt":"2025-09-17T13:40:36","slug":"queue-daronde-pour-la-monture-vixen-polarie-u","status":"publish","type":"product","link":"https:\/\/deep-space-astronomy.ch\/en\/product\/queue-daronde-pour-la-monture-vixen-polarie-u\/","title":{"rendered":"Dovetail for Vixen Polarie U mount"},"content":{"rendered":"<h3>Multi-Usage block for Polarie U : Stability and Balance<\/h3>\n<p>Combined with the multi-purpose block, this accessory allows you to<strong>balancing heavy loads<\/strong> for easy adjustment. It is designed primarily to add a counterweight and thus <strong>increase load capacity<\/strong> of Polarie U.<\/p>\n<h3>A versatile solution<\/h3>\n<ul>\n<li>Allows<strong>add a counterweight<\/strong> to stabilize various instruments.<\/li>\n<li>Facilitates<strong>balancing<\/strong> when using long focal lengths.<\/li>\n<li><strong>Optimized length<\/strong> to suit a wide range of equipment.<\/li>\n<\/ul>\n<h3>Why choose this multi-purpose unit?<\/h3>\n<ul>\n<li><strong>Improves Stability:<\/strong> Reduces vibrations and optimizes tracking.<\/li>\n<li><strong>Maximum adaptability :<\/strong> Compatible with various counterweight systems.<\/li>\n<li><strong>Easy installation :<\/strong> Fast, secure fastening.<\/li>\n<\/ul>","protected":false},"excerpt":{"rendered":"<p>Bloc Multi-Usage pour la Polarie U : Stabilit\u00e9 et \u00c9quilibre Combin\u00e9 au bloc multi-usage, cet accessoire permet d\u2019\u00e9quilibrer les charges lourdes et facilite les ajustements. Il est con\u00e7u principalement pour ajouter un contrepoids et ainsi augmenter la capacit\u00e9 de charge de la Polarie U. Une Solution Polyvalente Permet d\u2019ajouter un contrepoids pour stabiliser divers instruments. [&hellip;]<\/p>\n","protected":false},"featured_media":5648,"comment_status":"open","ping_status":"closed","template":"","meta":[],"product_brand":[451],"product_cat":[732],"product_tag":[],"class_list":{"0":"post-5649","1":"product","2":"type-product","3":"status-publish","4":"has-post-thumbnail","6":"product_brand-vixen","7":"product_cat-queue-daronde","9":"first","10":"on_supplier","11":"taxable","12":"shipping-taxable","13":"purchasable","14":"product-type-simple"},"_links":{"self":[{"href":"https:\/\/deep-space-astronomy.ch\/en\/wp-json\/wp\/v2\/product\/5649","targetHints":{"allow":["GET"]}}],"collection":[{"href":"https:\/\/deep-space-astronomy.ch\/en\/wp-json\/wp\/v2\/product"}],"about":[{"href":"https:\/\/deep-space-astronomy.ch\/en\/wp-json\/wp\/v2\/types\/product"}],"replies":[{"embeddable":true,"href":"https:\/\/deep-space-astronomy.ch\/en\/wp-json\/wp\/v2\/comments?post=5649"}],"wp:featuredmedia":[{"embeddable":true,"href":"https:\/\/deep-space-astronomy.ch\/en\/wp-json\/wp\/v2\/media\/5648"}],"wp:attachment":[{"href":"https:\/\/deep-space-astronomy.ch\/en\/wp-json\/wp\/v2\/media?parent=5649"}],"wp:term":[{"taxonomy":"product_brand","embeddable":true,"href":"https:\/\/deep-space-astronomy.ch\/en\/wp-json\/wp\/v2\/product_brand?post=5649"},{"taxonomy":"product_cat","embeddable":true,"href":"https:\/\/deep-space-astronomy.ch\/en\/wp-json\/wp\/v2\/product_cat?post=5649"},{"taxonomy":"product_tag","embeddable":true,"href":"https:\/\/deep-space-astronomy.ch\/en\/wp-json\/wp\/v2\/product_tag?post=5649"}],"curies":[{"name":"wp","href":"https:\/\/api.w.org\/{rel}","templated":true}]}}