{"id":7004,"date":"2025-04-22T16:12:07","date_gmt":"2025-04-22T14:12:07","guid":{"rendered":"https:\/\/deep-space-astronomy.ch\/?post_type=product&#038;p=7004"},"modified":"2025-11-18T18:08:29","modified_gmt":"2025-11-18T17:08:29","slug":"filtre-oiii-antlia-ultra-narrowband-2-5nm-2","status":"publish","type":"product","link":"https:\/\/deep-space-astronomy.ch\/en\/product\/filtre-oiii-antlia-ultra-narrowband-2-5nm-2\/","title":{"rendered":"Antlia Ultra Narrowband 2.5nm OIII filter"},"content":{"rendered":"<h3 style=\"text-align: center;\">The Antlia H-a, SII and OIII 2.5nm Ultra filter series<\/h3>\n<div class=\"image-placeholder\"><\/div>\n<p>Antlia SHO 2.5nm Ultra series filters are made of quartz glass and benefit from precisely controlled coating processes to guarantee optimum performance. Their half-value width (FWHM) is 2.5nm +0.3\/-0.1nm, with a transmission efficiency of between 92% and 95% at the center wavelength.<\/p>\n<p><img fetchpriority=\"high\" decoding=\"async\" class=\"alignnone size-full wp-image-6999 aligncenter\" src=\"https:\/\/deep-space-astronomy.ch\/wp-content\/uploads\/2025\/04\/2.5nm-Ultra-SHO-36mm-Photoroom.png\" alt=\"\" width=\"1000\" height=\"1000\" srcset=\"https:\/\/deep-space-astronomy.ch\/wp-content\/uploads\/2025\/04\/2.5nm-Ultra-SHO-36mm-Photoroom.png 1000w, https:\/\/deep-space-astronomy.ch\/wp-content\/uploads\/2025\/04\/2.5nm-Ultra-SHO-36mm-Photoroom-300x300.png 300w, https:\/\/deep-space-astronomy.ch\/wp-content\/uploads\/2025\/04\/2.5nm-Ultra-SHO-36mm-Photoroom-150x150.png 150w, https:\/\/deep-space-astronomy.ch\/wp-content\/uploads\/2025\/04\/2.5nm-Ultra-SHO-36mm-Photoroom-768x768.png 768w, https:\/\/deep-space-astronomy.ch\/wp-content\/uploads\/2025\/04\/2.5nm-Ultra-SHO-36mm-Photoroom-12x12.png 12w, https:\/\/deep-space-astronomy.ch\/wp-content\/uploads\/2025\/04\/2.5nm-Ultra-SHO-36mm-Photoroom-600x600.png 600w, https:\/\/deep-space-astronomy.ch\/wp-content\/uploads\/2025\/04\/2.5nm-Ultra-SHO-36mm-Photoroom-100x100.png 100w\" sizes=\"(max-width: 1000px) 100vw, 1000px\" \/><\/p>\n<p>The quartz glass used has a very low coefficient of thermal expansion, with excellent thermal and mechanical properties. Combined with advanced coatings, these filters offer outstanding durability, even under extreme environmental conditions.<\/p>\n<p>Compared with the Pro 3nm series, the filters in the Ultra 2.5nm series provide better transmission of emission lines. The H\u03b1 line at 656.3nm reaches \u226595%, the SII lines at 671.6nm\/673.1nm \u226595%, and the OIII line at 500.7nm \u226592%. These filters can improve the signal in your images by 20 to 30%. What's more, their narrow bandwidth offers an exceptional signal-to-noise ratio for deep-sky astrophotography.<\/p>\n<h2>Application and performance<\/h2>\n<div class=\"image-placeholder\"><img decoding=\"async\" class=\"wp-image-6981 size-large aligncenter\" src=\"https:\/\/deep-space-astronomy.ch\/wp-content\/uploads\/2025\/04\/Ha-2.5nm-Ultra-curve-1024x584.jpg\" alt=\"\" width=\"1024\" height=\"584\" \/> <img decoding=\"async\" class=\"wp-image-6982 size-large aligncenter\" src=\"https:\/\/deep-space-astronomy.ch\/wp-content\/uploads\/2025\/04\/OIII-2.5nm-ultra-curve-1024x584.jpg\" alt=\"\" width=\"1024\" height=\"584\" \/> <img loading=\"lazy\" decoding=\"async\" class=\"wp-image-6983 size-large aligncenter\" src=\"https:\/\/deep-space-astronomy.ch\/wp-content\/uploads\/2025\/04\/SII-2.5nm-ultra-curve-1024x584.jpg\" alt=\"\" width=\"1024\" height=\"584\" \/><\/div>\n<h2>Technical specifications<\/h2>\n<table>\n<thead>\n<tr>\n<th><\/th>\n<th>Hydrogen-alpha<\/th>\n<th>Sulfur-II<\/th>\n<th>Oxygen-III<\/th>\n<\/tr>\n<\/thead>\n<tbody>\n<tr>\n<td>Center wavelength (CWL)<\/td>\n<td>656.3nm<\/td>\n<td>671.6nm \/ 673.1nm<\/td>\n<td>500.7nm<\/td>\n<\/tr>\n<tr>\n<td>Maximum transmission<\/td>\n<td>\u226595%<\/td>\n<td>\u226595%<\/td>\n<td>\u226592%<\/td>\n<\/tr>\n<tr>\n<td>Out-of-band discharge<\/td>\n<td colspan=\"3\">\u2265OD5<\/td>\n<\/tr>\n<tr>\n<td>Filter thickness<\/td>\n<td colspan=\"3\">2mm \u00b10.05mm<\/td>\n<\/tr>\n<\/tbody>\n<\/table>\n<h2><span style=\"font-family: -apple-system, BlinkMacSystemFont, 'Segoe UI', Roboto, 'Helvetica Neue', Arial, 'Noto Sans', sans-serif, 'Apple Color Emoji', 'Segoe UI Emoji', 'Segoe UI Symbol', 'Noto Color Emoji'; font-size: 16px;\">Key features and applications<\/span><\/h2>\n<ul>\n<li>High transmission (H\u03b1\/SII \u226595%, OIII \u226592%) and narrow bandwidth to maximize contrast<\/li>\n<li>Flat-top spectrum to limit losses due to CWL offsets<\/li>\n<li>OD5 out-of-band rejection (0.001%) to avoid interference and halos<\/li>\n<li>Made of quartz glass: excellent durability, scratch and break resistance<\/li>\n<li>Standard thickness, double polished for perfect fit<\/li>\n<li>Recommended for lenses with focal ratio \u2265 f\/3.5<\/li>\n<li>Each filter is measured individually and accompanied by its actual transmission curves.<\/li>\n<li>Edge-to-edge coating, black treatment on unmounted filters against internal reflections<\/li>\n<li>3-year warranty against delamination<\/li>\n<\/ul>\n<h3>Filter mounts<\/h3>\n<ul>\n<li>Standard Antlia ring: 1.25'' (M28.5*0.6), 2'' (M48*0.75)<\/li>\n<li>Ultra-thin cell for reduced vignetting<\/li>\n<li>Black anodized finish, unalterable laser engraving<\/li>\n<\/ul>\n<h3>Not recommended for :<\/h3>\n<ul>\n<li>Solar observation<\/li>\n<li>Visual observation at night<\/li>\n<\/ul>\n<h3>Warning:<\/h3>\n<p style=\"color: red;\"><strong>NEVER LOOK AT THE SUN WITH THESE FILTERS<\/strong> - This could result in serious eye damage.<\/p>","protected":false},"excerpt":{"rendered":"<p>La s\u00e9rie des filtres Antlia H-a, SII et OIII 2.5nm Ultra Les filtres de la s\u00e9rie Antlia SHO 2.5nm Ultra sont fabriqu\u00e9s en verre de quartz et b\u00e9n\u00e9ficient de proc\u00e9d\u00e9s de rev\u00eatement contr\u00f4l\u00e9s avec pr\u00e9cision pour garantir des performances optimales. Leur largeur \u00e0 mi-hauteur (FWHM) est de 2.5nm +0.3\/-0.1nm, avec une efficacit\u00e9 de transmission comprise [&hellip;]<\/p>\n","protected":false},"featured_media":6996,"comment_status":"open","ping_status":"closed","template":"","meta":[],"product_brand":[791],"product_cat":[780,801],"product_tag":[],"class_list":{"0":"post-7004","1":"product","2":"type-product","3":"status-publish","4":"has-post-thumbnail","6":"product_brand-antlia","7":"product_cat-filtres-bande-etroite","8":"product_cat-filtre-astrophotographie-du-ciel-profond","10":"first","11":"instock","12":"taxable","13":"shipping-taxable","14":"purchasable","15":"product-type-variable"},"_links":{"self":[{"href":"https:\/\/deep-space-astronomy.ch\/en\/wp-json\/wp\/v2\/product\/7004","targetHints":{"allow":["GET"]}}],"collection":[{"href":"https:\/\/deep-space-astronomy.ch\/en\/wp-json\/wp\/v2\/product"}],"about":[{"href":"https:\/\/deep-space-astronomy.ch\/en\/wp-json\/wp\/v2\/types\/product"}],"replies":[{"embeddable":true,"href":"https:\/\/deep-space-astronomy.ch\/en\/wp-json\/wp\/v2\/comments?post=7004"}],"wp:featuredmedia":[{"embeddable":true,"href":"https:\/\/deep-space-astronomy.ch\/en\/wp-json\/wp\/v2\/media\/6996"}],"wp:attachment":[{"href":"https:\/\/deep-space-astronomy.ch\/en\/wp-json\/wp\/v2\/media?parent=7004"}],"wp:term":[{"taxonomy":"product_brand","embeddable":true,"href":"https:\/\/deep-space-astronomy.ch\/en\/wp-json\/wp\/v2\/product_brand?post=7004"},{"taxonomy":"product_cat","embeddable":true,"href":"https:\/\/deep-space-astronomy.ch\/en\/wp-json\/wp\/v2\/product_cat?post=7004"},{"taxonomy":"product_tag","embeddable":true,"href":"https:\/\/deep-space-astronomy.ch\/en\/wp-json\/wp\/v2\/product_tag?post=7004"}],"curies":[{"name":"wp","href":"https:\/\/api.w.org\/{rel}","templated":true}]}}