{"id":8153,"date":"2025-05-22T14:33:38","date_gmt":"2025-05-22T12:33:38","guid":{"rendered":"https:\/\/deep-space-astronomy.ch\/?post_type=product&#038;p=8153"},"modified":"2025-09-17T15:43:00","modified_gmt":"2025-09-17T13:43:00","slug":"filtre-cls-pour-vespera","status":"publish","type":"product","link":"https:\/\/deep-space-astronomy.ch\/en\/product\/filtre-cls-pour-vespera\/","title":{"rendered":"CLS filter for Vespera"},"content":{"rendered":"<p>The Vespera light pollution filter or CLS (City Light Suppression) filter improves photo quality when observing in the city or suburbs. It attenuates the effects of light pollution, enhancing the contrast between the celestial object photographed and the background sky.<\/p>\n<p><img decoding=\"async\" src=\"https:\/\/vaonis.com\/cdn\/shop\/files\/Ligh-pollution-filter-Vespera-black-BG_84ea8c21-662b-4585-9f37-f847140ecae2.jpg?format=webp&amp;v=1747603607&amp;width=2000\" alt=\"Filtre anti-pollution lumineuse Vespera\" \/><\/p>\n<p>The broadband filter blocks the Na (sodium) and Hg (mercury) wavelengths mainly emitted by urban night lighting or undesirable natural light (atmospheric oxygen radiation...), while retaining the main wavelengths emitted by celestial objects.<\/p>\n<p>&nbsp;<\/p>\n<p>This accessory is particularly useful for enhancing the luminosity of deep-sky objects: nebulae, star clusters, galaxies... Its effectiveness is optimal on emission nebulae because of the filtered wavelengths.<\/p>\n<p><img decoding=\"async\" src=\"https:\/\/vaonis.com\/cdn\/shop\/files\/Filtre_Install_35ee23c4-2957-47f5-ba33-b5998b409bc0.jpg?format=webp&amp;v=1747603616&amp;width=1900\" alt=\"Filtre anti-pollution lumineuse Vespera\" \/><\/p>\n<p><u>Examples of nebulae in emission<\/u>\u00a0: Bubble (NGC 7635), Crescent (NGC 6888), Eagle (M16), Elephant's Horn (IC 1396), Flame (NGC 2024), Lagoon (M8), North America (NGC 7000), Omega (M17), Orion (M42), Pacman (NGC 281), Rosette (NGC 2237), Tarantula (NGC 2070), Thor's Helmet (NGC 2359), Trifid (M20), Tulip (Sh2-101).<\/p>\n<p>&nbsp;<\/p>\n<p>Designed specifically for the Vespera lens, it fits easily and discreetly into the optical arm. The lens ring that holds the CLS filter is equipped with an electronic card that enables Vespera to detect it.<\/p>\n<p>&nbsp;<\/p>\n<p>The filter is supplied in a transparent storage box.<\/p>","protected":false},"excerpt":{"rendered":"<p>Le filtre anti-pollution lumineuse Vespera ou filtre CLS (City Light Suppression) permet d\u2019am\u00e9liorer la qualit\u00e9 des photos lors de vos observations en ville ou banlieue. En effet, il att\u00e9nue les effets de la pollution lumineuse et augmente ainsi le contraste entre l\u2019objet c\u00e9leste photographi\u00e9 et le fond du ciel. Le filtre \u00e0 bande large bloque [&hellip;]<\/p>\n","protected":false},"featured_media":8174,"comment_status":"open","ping_status":"closed","template":"","meta":[],"product_brand":[818],"product_cat":[780,801],"product_tag":[],"class_list":{"0":"post-8153","1":"product","2":"type-product","3":"status-publish","4":"has-post-thumbnail","6":"product_brand-vaonis","7":"product_cat-filtres-bande-etroite","8":"product_cat-filtre-astrophotographie-du-ciel-profond","10":"first","11":"on_supplier","12":"taxable","13":"shipping-taxable","14":"purchasable","15":"product-type-simple"},"_links":{"self":[{"href":"https:\/\/deep-space-astronomy.ch\/en\/wp-json\/wp\/v2\/product\/8153","targetHints":{"allow":["GET"]}}],"collection":[{"href":"https:\/\/deep-space-astronomy.ch\/en\/wp-json\/wp\/v2\/product"}],"about":[{"href":"https:\/\/deep-space-astronomy.ch\/en\/wp-json\/wp\/v2\/types\/product"}],"replies":[{"embeddable":true,"href":"https:\/\/deep-space-astronomy.ch\/en\/wp-json\/wp\/v2\/comments?post=8153"}],"wp:featuredmedia":[{"embeddable":true,"href":"https:\/\/deep-space-astronomy.ch\/en\/wp-json\/wp\/v2\/media\/8174"}],"wp:attachment":[{"href":"https:\/\/deep-space-astronomy.ch\/en\/wp-json\/wp\/v2\/media?parent=8153"}],"wp:term":[{"taxonomy":"product_brand","embeddable":true,"href":"https:\/\/deep-space-astronomy.ch\/en\/wp-json\/wp\/v2\/product_brand?post=8153"},{"taxonomy":"product_cat","embeddable":true,"href":"https:\/\/deep-space-astronomy.ch\/en\/wp-json\/wp\/v2\/product_cat?post=8153"},{"taxonomy":"product_tag","embeddable":true,"href":"https:\/\/deep-space-astronomy.ch\/en\/wp-json\/wp\/v2\/product_tag?post=8153"}],"curies":[{"name":"wp","href":"https:\/\/api.w.org\/{rel}","templated":true}]}}