{"id":8182,"date":"2025-05-22T15:53:48","date_gmt":"2025-05-22T13:53:48","guid":{"rendered":"https:\/\/deep-space-astronomy.ch\/?post_type=product&#038;p=8182"},"modified":"2025-11-18T17:57:06","modified_gmt":"2025-11-18T16:57:06","slug":"monture-harmonique-ioptron-az-eq-he292b-avec-imate","status":"publish","type":"product","link":"https:\/\/deep-space-astronomy.ch\/en\/product\/monture-harmonique-ioptron-az-eq-he292b-avec-imate\/","title":{"rendered":"iOptron AZ\/EQ HAE29B harmonic mount with iMate"},"content":{"rendered":"<h3 style=\"text-align: center;\">iOptron HAE29B iMate mount - Strain Wave technology with integrated computer<\/h3>\n<p>Visit <strong>HAE29B iMate<\/strong> from iOptron is a revolutionary equatorial\/altazimuth mount from the Strain Wave Gear family, incorporating a true on-board computer. Designed for demanding astronomers looking for compactness, power and automation, this mount offers an unrivalled experience without the need for counterweights.<\/p>\n<h3>What is iMate?<\/h3>\n<p>L'<strong>iMate<\/strong> is a 64-bit computer integrated directly into the mount, with a Linux system and preinstalled astronomy software: <strong>KStars<\/strong> (planetarium), <strong>Ekos<\/strong> (automation) and <strong>INDI<\/strong> (hardware compatibility). Thanks to its USB ports and 12V outputs, it can directly control cameras, filter wheels, focus motors and other accessories, without additional cables or external computers.<\/p>\n<h3>Key benefits<\/h3>\n<ul>\n<li>Ultra-light frame (3.9 kg) for a load capacity of 13 kg without counterweight<\/li>\n<li>Strain Wave Gear technology on both axes (RA and DEC)<\/li>\n<li>On-board computer <strong>iMate<\/strong> with Wi-Fi, USB 2.0\/3.0 ports and 3x 12V outputs<\/li>\n<li>Compatible with Windows, macOS, Linux, iOS, Android<\/li>\n<li>Racquetless control: everything is done via the network or directly from the iMate<\/li>\n<li>No messy cables: centralized management integrated into the mount head<\/li>\n<li>Electronic brake for safety in the event of power failure<\/li>\n<\/ul>\n<h3>Available models<\/h3>\n<p>Two versions are available:<\/p>\n<ul>\n<li><strong>HAE29B iMate<\/strong> standard version with integrated iMate<\/li>\n<li><strong>HAE29B EC iMate<\/strong> adds a high-precision encoder on the RA axis, enabling autoguiderless imaging<\/li>\n<\/ul>\n<h3>Technical specifications<\/h3>\n<table>\n<thead>\n<tr>\n<th colspan=\"2\">HAE29B iMate mount specifications<\/th>\n<\/tr>\n<\/thead>\n<tbody>\n<tr>\n<td>Frame type<\/td>\n<td>Equatorial \/ Alt-Az Strain Wave<\/td>\n<\/tr>\n<tr>\n<td>Payload without counterweight<\/td>\n<td>13 kg<\/td>\n<\/tr>\n<tr>\n<td>Payload with counterweight<\/td>\n<td>18 kg<\/td>\n<\/tr>\n<tr>\n<td>Frame weight<\/td>\n<td>3.9 kg (with dovetail)<\/td>\n<\/tr>\n<tr>\n<td>RA \/ DEC reduction ratio<\/td>\n<td>480:1 \/ 360:1<\/td>\n<\/tr>\n<tr>\n<td>Periodic error<\/td>\n<td>\u00b1 18 arcsec<\/td>\n<\/tr>\n<tr>\n<td>Max. pointing speed<\/td>\n<td>6\u00b0\/sec<\/td>\n<\/tr>\n<tr>\n<td>Azimuth adjustment range<\/td>\n<td>\u00b1 7\u00b0<\/td>\n<\/tr>\n<tr>\n<td>Latitude range<\/td>\n<td>0\u00b0 \u00e0 90\u00b0<\/td>\n<\/tr>\n<tr>\n<td>Operating temperature<\/td>\n<td>-20\u00b0C to +45\u00b0C<\/td>\n<\/tr>\n<tr>\n<td>Materials<\/td>\n<td>CNC-machined aluminum, black anodized<\/td>\n<\/tr>\n<tr>\n<td>Brake system<\/td>\n<td>Electronic brake<\/td>\n<\/tr>\n<tr>\n<td>Power supply<\/td>\n<td>12V 5A (mains adapter supplied)<\/td>\n<\/tr>\n<tr>\n<td>Warranty<\/td>\n<td>2 years<\/td>\n<\/tr>\n<\/tbody>\n<\/table>\n<h3>iMate computer specifications<\/h3>\n<table>\n<thead>\n<tr>\n<th colspan=\"2\">iMate on-board<\/th>\n<\/tr>\n<\/thead>\n<tbody>\n<tr>\n<td>Processor<\/td>\n<td>ARM 64-bit<\/td>\n<\/tr>\n<tr>\n<td>Storage<\/td>\n<td>32 GB eMMC + microSD slot (64 GB max)<\/td>\n<\/tr>\n<tr>\n<td>Pre-installed software<\/td>\n<td>KStars, Ekos, INDI, iPolarServer<\/td>\n<\/tr>\n<tr>\n<td>Compatibility<\/td>\n<td>Windows, macOS, Linux, iOS, Android<\/td>\n<\/tr>\n<tr>\n<td>Integrated Wi-Fi<\/td>\n<td>Yes<\/td>\n<\/tr>\n<tr>\n<td>Ports<\/td>\n<td>1x USB 3.0, 2x USB 2.0, 3x DC 12V<\/td>\n<\/tr>\n<tr>\n<td>Communication port<\/td>\n<td>USB-C + network<\/td>\n<\/tr>\n<tr>\n<td>Self-steering port<\/td>\n<td>Yes, ST-4<\/td>\n<\/tr>\n<\/tbody>\n<\/table>\n<h3>Optional accessories<\/h3>\n<ul>\n<li>Go2Nova\u00ae 8411 OLED Racquets<\/li>\n<li>Polar Electronic Scope iPolar<\/li>\n<li>Counterweight 4.5 kg + threaded bar (20 mm x 200 mm)<\/li>\n<li>Tripod \/ column<\/li>\n<\/ul>\n<h3>In a nutshell<\/h3>\n<p>The HAE29B iMate is an exceptional mount that combines portability, precision, autonomy and control power. With its all-in-one design and on-board computer, it's ideal for modern astronomers who want to image quickly and without headaches, whether in the field or at a fixed station.<\/p>","protected":false},"excerpt":{"rendered":"<p>Monture iOptron HAE29B iMate \u2013 Technologie Strain Wave avec ordinateur int\u00e9gr\u00e9 La HAE29B iMate d\u2019iOptron est une monture \u00e9quatoriale\/altazimutale r\u00e9volutionnaire de la famille des montures \u00e0 transmission par onde de contrainte (Strain Wave Gear), int\u00e9grant un v\u00e9ritable ordinateur embarqu\u00e9. Con\u00e7ue pour les astronomes exigeants qui recherchent \u00e0 la fois la compacit\u00e9, la puissance et l&rsquo;automatisation, [&hellip;]<\/p>\n","protected":false},"featured_media":8183,"comment_status":"open","ping_status":"closed","template":"","meta":[],"product_brand":[819],"product_cat":[20,762],"product_tag":[],"class_list":{"0":"post-8182","1":"product","2":"type-product","3":"status-publish","4":"has-post-thumbnail","6":"product_brand-ioptron","7":"product_cat-montures","8":"product_cat-equatoriales","10":"first","11":"instock","12":"taxable","13":"shipping-taxable","14":"purchasable","15":"product-type-variable"},"_links":{"self":[{"href":"https:\/\/deep-space-astronomy.ch\/en\/wp-json\/wp\/v2\/product\/8182","targetHints":{"allow":["GET"]}}],"collection":[{"href":"https:\/\/deep-space-astronomy.ch\/en\/wp-json\/wp\/v2\/product"}],"about":[{"href":"https:\/\/deep-space-astronomy.ch\/en\/wp-json\/wp\/v2\/types\/product"}],"replies":[{"embeddable":true,"href":"https:\/\/deep-space-astronomy.ch\/en\/wp-json\/wp\/v2\/comments?post=8182"}],"wp:featuredmedia":[{"embeddable":true,"href":"https:\/\/deep-space-astronomy.ch\/en\/wp-json\/wp\/v2\/media\/8183"}],"wp:attachment":[{"href":"https:\/\/deep-space-astronomy.ch\/en\/wp-json\/wp\/v2\/media?parent=8182"}],"wp:term":[{"taxonomy":"product_brand","embeddable":true,"href":"https:\/\/deep-space-astronomy.ch\/en\/wp-json\/wp\/v2\/product_brand?post=8182"},{"taxonomy":"product_cat","embeddable":true,"href":"https:\/\/deep-space-astronomy.ch\/en\/wp-json\/wp\/v2\/product_cat?post=8182"},{"taxonomy":"product_tag","embeddable":true,"href":"https:\/\/deep-space-astronomy.ch\/en\/wp-json\/wp\/v2\/product_tag?post=8182"}],"curies":[{"name":"wp","href":"https:\/\/api.w.org\/{rel}","templated":true}]}}