{"id":8216,"date":"2025-05-22T16:10:23","date_gmt":"2025-05-22T14:10:23","guid":{"rendered":"https:\/\/deep-space-astronomy.ch\/?post_type=product&#038;p=8216"},"modified":"2025-11-18T17:55:22","modified_gmt":"2025-11-18T16:55:22","slug":"monture-harmonique-ioptron-az-eq-hae69b-avec-imate","status":"publish","type":"product","link":"https:\/\/deep-space-astronomy.ch\/en\/product\/monture-harmonique-ioptron-az-eq-hae69b-avec-imate\/","title":{"rendered":"iOptron AZ\/EQ HAE69B harmonic mount with iMate"},"content":{"rendered":"<section>\n<h3 style=\"text-align: center\">iOptron HAE69B mount: Performance, lightness and on-board intelligence<\/h3>\n<p>Visit <strong>iOptron HAE69B iMate<\/strong> is a hybrid Alt-Az\/Equatorial mount that uses the latest <em>Strain Wave Gear<\/em> advanced technology. It offers an excellent weight\/payload ratio: only <strong>19 kg<\/strong> for support up to <strong>31 kg<\/strong> (69 lb), without the need for a counterweight - a feat made possible by its advanced engineering.<\/p>\n<p>The body is CNC-machined in black-anodized aluminum, ensuring sturdiness and longevity. The electronic friction brake system safely stops the frame in the event of a power cut or planned shutdown.<\/p>\n<p>The heart of innovation lies in the on-board computer <strong>iMate<\/strong>based on a 64-bit ARM processor. It features Wi-Fi connectivity, <strong>KStars<\/strong>, <strong>Ekos<\/strong> and INDI drivers. Users can control or capture their astro sessions in total autonomy (32 GB eMMC + micro-SD slot up to 64 GB).<\/p>\n<p>Designed for portability and flexibility, the HAE69B iMate eliminates the need for an external case: all accessories (cameras, focalizers, filter wheels) connect directly to the iMate, without trailing cables.<\/p>\n<table>\n<tbody>\n<tr>\n<th>Specifications<\/th>\n<th>Details<\/th>\n<\/tr>\n<tr>\n<td>Frame type<\/td>\n<td>Alt-Az\/Equatorial bending wave gears<\/td>\n<\/tr>\n<tr>\n<td>Payload<\/td>\n<td>31 kg (without counterweight) \/ 36 kg (with counterweight)<\/td>\n<\/tr>\n<tr>\n<td>Weight<\/td>\n<td>9 kg (frame + Vixen\/Losmandy shoe)<\/td>\n<\/tr>\n<tr>\n<td>Gear period<\/td>\n<td>270 s<\/td>\n<\/tr>\n<tr>\n<td>Periodic error<\/td>\n<td>&lt; \u00b1 15\u2033<\/td>\n<\/tr>\n<tr>\n<td>Pointing speed<\/td>\n<td>4,5\u00b0\/s<\/td>\n<\/tr>\n<tr>\n<td>Latitude range<\/td>\n<td>0\u00b0 \u00e0 90\u00b0<\/td>\n<\/tr>\n<tr>\n<td>Operating temperature<\/td>\n<td>-20 \u00b0C to +40 \u00b0C<\/td>\n<\/tr>\n<tr>\n<td>iMate ports<\/td>\n<td>1\u00d7 USB3.0, 2\u00d7 USB2.0, 3\u00d7 12 V DC<\/td>\n<\/tr>\n<tr>\n<td>Self-steering<\/td>\n<td>Integrated ST-4<\/td>\n<\/tr>\n<tr>\n<td>Connectivity<\/td>\n<td>Wi-Fi, USB, firmware update via USB<\/td>\n<\/tr>\n<tr>\n<td>Power supply<\/td>\n<td>12 V DC, 6 A; universal adapter 100-240 V<\/td>\n<\/tr>\n<tr>\n<td>Sabot<\/td>\n<td>Vixen\/Losmandy double<\/td>\n<\/tr>\n<tr>\n<td>Warranty<\/td>\n<td>2 years limited<\/td>\n<\/tr>\n<\/tbody>\n<\/table>\n<p>The whole system provides high-precision tracking, with or without autoguiding. Thanks to the EC system, some models (<em>HAE69B-EC<\/em>) achieve imaging quality without external guidance (for short focal lengths).<\/p>\n<p>Administration via iMate on smartphone, tablet or PC (Windows, macOS, Linux, iOS, Android) enables intuitive, fluid operation, without the need for external installations.<\/p>\n<p>What's more, the system automatically retains its position after switching off, thanks to the end-of-stroke memory, avoiding time-consuming realignment.<\/p>\n<p><strong>In a nutshell<\/strong>the <em>iOptron HAE69B iMate<\/em> is a compact, powerful, precise and intelligent mount - ideal for nomadic or installed astrophotography. If you're looking for a modern mount with autonomous control and high load capacity, this is the mount for you.<\/p>\n<\/section>","protected":false},"excerpt":{"rendered":"<p>Monture iOptron HAE69B\u00a0: Performance, l\u00e9g\u00e8ret\u00e9 et intelligence embarqu\u00e9e La iOptron HAE69B iMate est une monture hybride Alt\u2011Az\/\u00c9quatoriale utilisant une technologie de Strain Wave Gear avanc\u00e9e. Elle offre un excellent rapport poids\/charge utile : seulement 19\u202fkg pour un support jusqu\u2019\u00e0 31\u202fkg (69\u202flb), sans n\u00e9cessiter de contrepoids \u2013 une prouesse rendue possible gr\u00e2ce \u00e0 son ing\u00e9nierie de [&hellip;]<\/p>\n","protected":false},"featured_media":8473,"comment_status":"open","ping_status":"closed","template":"","meta":[],"product_brand":[819],"product_cat":[20,762],"product_tag":[],"class_list":{"0":"post-8216","1":"product","2":"type-product","3":"status-publish","4":"has-post-thumbnail","6":"product_brand-ioptron","7":"product_cat-montures","8":"product_cat-equatoriales","10":"first","11":"outofstock","12":"taxable","13":"shipping-taxable","14":"purchasable","15":"product-type-variable"},"_links":{"self":[{"href":"https:\/\/deep-space-astronomy.ch\/en\/wp-json\/wp\/v2\/product\/8216","targetHints":{"allow":["GET"]}}],"collection":[{"href":"https:\/\/deep-space-astronomy.ch\/en\/wp-json\/wp\/v2\/product"}],"about":[{"href":"https:\/\/deep-space-astronomy.ch\/en\/wp-json\/wp\/v2\/types\/product"}],"replies":[{"embeddable":true,"href":"https:\/\/deep-space-astronomy.ch\/en\/wp-json\/wp\/v2\/comments?post=8216"}],"wp:featuredmedia":[{"embeddable":true,"href":"https:\/\/deep-space-astronomy.ch\/en\/wp-json\/wp\/v2\/media\/8473"}],"wp:attachment":[{"href":"https:\/\/deep-space-astronomy.ch\/en\/wp-json\/wp\/v2\/media?parent=8216"}],"wp:term":[{"taxonomy":"product_brand","embeddable":true,"href":"https:\/\/deep-space-astronomy.ch\/en\/wp-json\/wp\/v2\/product_brand?post=8216"},{"taxonomy":"product_cat","embeddable":true,"href":"https:\/\/deep-space-astronomy.ch\/en\/wp-json\/wp\/v2\/product_cat?post=8216"},{"taxonomy":"product_tag","embeddable":true,"href":"https:\/\/deep-space-astronomy.ch\/en\/wp-json\/wp\/v2\/product_tag?post=8216"}],"curies":[{"name":"wp","href":"https:\/\/api.w.org\/{rel}","templated":true}]}}