{"id":8542,"date":"2025-06-19T08:32:03","date_gmt":"2025-06-19T06:32:03","guid":{"rendered":"https:\/\/deep-space-astronomy.ch\/?post_type=product&#038;p=8542"},"modified":"2026-03-08T11:26:39","modified_gmt":"2026-03-08T10:26:39","slug":"move-shoot-move-monture-ultra-portable-nomad-star-tracker","status":"publish","type":"product","link":"https:\/\/deep-space-astronomy.ch\/en\/product\/move-shoot-move-monture-ultra-portable-nomad-star-tracker\/","title":{"rendered":"Move Shoot Move - Nomad Star Tracker ultra-portable mount"},"content":{"rendered":"<h3 style=\"text-align: center;\">Move Shoot Move NOMAD - Ultra-portable star tracker for astrophotography<\/h3>\n<p><strong>The Move Shoot Move NOMAD<\/strong> is a <strong>new-generation star tracker<\/strong> designed for<strong>nomadic astrophotography<\/strong>. Ultra-light, silent and easy to use, it allows you to <strong>make the most of your long exposures<\/strong> without a star thread, even without prior experience of setting up.<\/p>\n<p>Its compact size and compatibility with a wide range of accessories make it an ideal solution for <strong>travelers, beginners and experts<\/strong>. NOMAD corrects the Earth's rotation for sharp deep-sky photos at focal lengths of up to 135 mm, and much more, with precise stationing.<\/p>\n<h4>A powerful, discreet and intelligent tracker<\/h4>\n<ul>\n<li><strong>Ultra-compact<\/strong> only 430 g with integrated battery<\/li>\n<li><strong>USB-C charging<\/strong> with up to 24 h autonomy<\/li>\n<li><strong>Precise single-axis equatorial tracking<\/strong><\/li>\n<li><strong>Compatible with standard photo tripods<\/strong><\/li>\n<li><strong>Silencer<\/strong> discreet motor ideal for night photography<\/li>\n<\/ul>\n<h4>Technical data<\/h4>\n<table border=\"1\" cellspacing=\"0\" cellpadding=\"8\">\n<tbody>\n<tr>\n<td><strong>Weight<\/strong><\/td>\n<td>430 g (0.95 lb) with rechargeable Li-Poly battery<\/td>\n<\/tr>\n<tr>\n<td><strong>Maximum load<\/strong><\/td>\n<td>3.5 kg (7.7 lb)<\/td>\n<\/tr>\n<tr>\n<td><strong>Dimensions<\/strong><\/td>\n<td>89 \u00d7 67 \u00d7 55 mm (3.5 \u00d7 2.6 \u00d7 2.16 inch)<\/td>\n<\/tr>\n<tr>\n<td><strong>Tracking modes<\/strong><\/td>\n<td>Northern Hemisphere \/ Southern Hemisphere<\/td>\n<\/tr>\n<tr>\n<td><strong>Material<\/strong><\/td>\n<td>CNC-machined anodized aluminum<\/td>\n<\/tr>\n<tr>\n<td><strong>Base mounting<\/strong><\/td>\n<td>Arca-Swiss dovetail with 1\/4\u2033 screw<\/td>\n<\/tr>\n<\/tbody>\n<\/table>\n<h4>Compatibility and use<\/h4>\n<ul>\n<li><strong>Compatible with all cameras<\/strong> reflex, hybrid and astro cameras.<\/li>\n<li><strong>GoPro \/ DJI Action Cam compatible<\/strong> via a standard photo head.<\/li>\n<li><strong>Compatible with most tripods<\/strong> capable of pan and tilt. A ball-and-socket joint may be required, depending on your configuration.<\/li>\n<li><strong>Tracking the Sun and Moon<\/strong> NOMAD can track any celestial object.<\/li>\n<\/ul>\n<h4>All NOMAD versions available<\/h4>\n<table border=\"1\" cellspacing=\"0\" cellpadding=\"8\">\n<thead>\n<tr>\n<th>Version<\/th>\n<th>Contents<\/th>\n<th>Ideal use<\/th>\n<th>Illustration<\/th>\n<\/tr>\n<\/thead>\n<tbody>\n<tr>\n<td>NOMAD Only<\/td>\n<td>Star tracker alone<\/td>\n<td>For experienced users who already own the accessories required for proper frame operation<\/td>\n<td><img fetchpriority=\"high\" decoding=\"async\" class=\"aligncenter size-medium wp-image-8551\" src=\"https:\/\/deep-space-astronomy.ch\/wp-content\/uploads\/2025\/06\/Capture-decran-2025-06-19-a-08.53.49-277x300.avif\" alt=\"\" width=\"277\" height=\"300\" srcset=\"https:\/\/deep-space-astronomy.ch\/wp-content\/uploads\/2025\/06\/Capture-decran-2025-06-19-a-08.53.49-277x300.avif 277w, https:\/\/deep-space-astronomy.ch\/wp-content\/uploads\/2025\/06\/Capture-decran-2025-06-19-a-08.53.49-11x12.avif 11w, https:\/\/deep-space-astronomy.ch\/wp-content\/uploads\/2025\/06\/Capture-decran-2025-06-19-a-08.53.49.avif 320w\" sizes=\"(max-width: 277px) 100vw, 277px\" \/><\/td>\n<\/tr>\n<tr>\n<td>Swiss Starter Kit<\/td>\n<td>NOMAD + Ballhead + classic polar sight<\/td>\n<td>Simple start-up with quick set-up<\/td>\n<td><img decoding=\"async\" class=\"aligncenter size-full wp-image-12541\" src=\"https:\/\/deep-space-astronomy.ch\/wp-content\/uploads\/2025\/06\/Capture-decran-2025-12-18-a-14.51.19.png\" alt=\"\" width=\"722\" height=\"618\" srcset=\"https:\/\/deep-space-astronomy.ch\/wp-content\/uploads\/2025\/06\/Capture-decran-2025-12-18-a-14.51.19.png 722w, https:\/\/deep-space-astronomy.ch\/wp-content\/uploads\/2025\/06\/Capture-decran-2025-12-18-a-14.51.19-300x257.png 300w, https:\/\/deep-space-astronomy.ch\/wp-content\/uploads\/2025\/06\/Capture-decran-2025-12-18-a-14.51.19-14x12.png 14w, https:\/\/deep-space-astronomy.ch\/wp-content\/uploads\/2025\/06\/Capture-decran-2025-12-18-a-14.51.19-600x514.png 600w\" sizes=\"(max-width: 722px) 100vw, 722px\" \/><\/td>\n<\/tr>\n<tr>\n<td>Swiss Starter Kit Plus<\/td>\n<td>Swiss Starter Kit + Wedge<\/td>\n<td>Precise alignment, equatorial tracking + portability<\/td>\n<td><img decoding=\"async\" class=\"aligncenter size-full wp-image-12554\" src=\"https:\/\/deep-space-astronomy.ch\/wp-content\/uploads\/2025\/06\/Capture-decran-2025-12-18-a-15.40.49.png\" alt=\"\" width=\"970\" height=\"490\" srcset=\"https:\/\/deep-space-astronomy.ch\/wp-content\/uploads\/2025\/06\/Capture-decran-2025-12-18-a-15.40.49.png 970w, https:\/\/deep-space-astronomy.ch\/wp-content\/uploads\/2025\/06\/Capture-decran-2025-12-18-a-15.40.49-300x152.png 300w, https:\/\/deep-space-astronomy.ch\/wp-content\/uploads\/2025\/06\/Capture-decran-2025-12-18-a-15.40.49-768x388.png 768w, https:\/\/deep-space-astronomy.ch\/wp-content\/uploads\/2025\/06\/Capture-decran-2025-12-18-a-15.40.49-18x9.png 18w, https:\/\/deep-space-astronomy.ch\/wp-content\/uploads\/2025\/06\/Capture-decran-2025-12-18-a-15.40.49-600x303.png 600w\" sizes=\"(max-width: 970px) 100vw, 970px\" \/><\/td>\n<\/tr>\n<tr>\n<td>Swiss Starter Kit Ultra<\/td>\n<td>Swiss Starter Kit Plus + headlamp + ultra-precise levelling base<\/td>\n<td>The most powerful kit for the best performance<\/td>\n<td><img loading=\"lazy\" decoding=\"async\" class=\"aligncenter size-full wp-image-12553\" src=\"https:\/\/deep-space-astronomy.ch\/wp-content\/uploads\/2025\/06\/Capture-decran-2025-12-18-a-15.32.35.png\" alt=\"\" width=\"582\" height=\"366\" srcset=\"https:\/\/deep-space-astronomy.ch\/wp-content\/uploads\/2025\/06\/Capture-decran-2025-12-18-a-15.32.35.png 582w, https:\/\/deep-space-astronomy.ch\/wp-content\/uploads\/2025\/06\/Capture-decran-2025-12-18-a-15.32.35-300x189.png 300w, https:\/\/deep-space-astronomy.ch\/wp-content\/uploads\/2025\/06\/Capture-decran-2025-12-18-a-15.32.35-18x12.png 18w\" sizes=\"(max-width: 582px) 100vw, 582px\" \/><\/td>\n<\/tr>\n<tr>\n<td>Basic Kit A<\/td>\n<td>NOMAD + Polar Scope<\/td>\n<td>Set-up <strong>laser-free<\/strong><\/td>\n<td><img loading=\"lazy\" decoding=\"async\" class=\"aligncenter size-medium wp-image-8557\" src=\"https:\/\/deep-space-astronomy.ch\/wp-content\/uploads\/2025\/06\/Capture-decran-2025-06-19-a-08.58.59-300x222.avif\" alt=\"\" width=\"300\" height=\"222\" srcset=\"https:\/\/deep-space-astronomy.ch\/wp-content\/uploads\/2025\/06\/Capture-decran-2025-06-19-a-08.58.59-300x222.avif 300w, https:\/\/deep-space-astronomy.ch\/wp-content\/uploads\/2025\/06\/Capture-decran-2025-06-19-a-08.58.59-768x568.avif 768w, https:\/\/deep-space-astronomy.ch\/wp-content\/uploads\/2025\/06\/Capture-decran-2025-06-19-a-08.58.59-16x12.avif 16w, https:\/\/deep-space-astronomy.ch\/wp-content\/uploads\/2025\/06\/Capture-decran-2025-06-19-a-08.58.59-600x444.avif 600w, https:\/\/deep-space-astronomy.ch\/wp-content\/uploads\/2025\/06\/Capture-decran-2025-06-19-a-08.58.59.avif 822w\" sizes=\"(max-width: 300px) 100vw, 300px\" \/><\/td>\n<\/tr>\n<tr>\n<td>Pro Kit A<\/td>\n<td>NOMAD + Polar Scope + Wedge + Headlamp<\/td>\n<td>Precise night alignment + field lamp<\/td>\n<td><img loading=\"lazy\" decoding=\"async\" class=\"aligncenter size-medium wp-image-8559\" src=\"https:\/\/deep-space-astronomy.ch\/wp-content\/uploads\/2025\/06\/Capture-decran-2025-06-19-a-09.00.30-300x245.avif\" alt=\"\" width=\"300\" height=\"245\" srcset=\"https:\/\/deep-space-astronomy.ch\/wp-content\/uploads\/2025\/06\/Capture-decran-2025-06-19-a-09.00.30-300x245.avif 300w, https:\/\/deep-space-astronomy.ch\/wp-content\/uploads\/2025\/06\/Capture-decran-2025-06-19-a-09.00.30-768x626.avif 768w, https:\/\/deep-space-astronomy.ch\/wp-content\/uploads\/2025\/06\/Capture-decran-2025-06-19-a-09.00.30-15x12.avif 15w, https:\/\/deep-space-astronomy.ch\/wp-content\/uploads\/2025\/06\/Capture-decran-2025-06-19-a-09.00.30-600x489.avif 600w, https:\/\/deep-space-astronomy.ch\/wp-content\/uploads\/2025\/06\/Capture-decran-2025-06-19-a-09.00.30.avif 812w\" sizes=\"(max-width: 300px) 100vw, 300px\" \/><\/td>\n<\/tr>\n<\/tbody>\n<\/table>\n<h4>\ud83d\udcd8 Components glossary<\/h4>\n<ul>\n<li><strong>NOMAD<\/strong> Ultra-compact star tracker designed to follow the stars and compensate for Earth's rotation.<\/li>\n<li><strong>Ballhead<\/strong> Ball-and-socket head for attaching the camera to the tracker with great flexibility of orientation.<\/li>\n<li><strong>Wedge<\/strong> Equatorial base for more precise alignment according to observation latitude.<\/li>\n<li><strong>Polar Scope<\/strong> Optical viewfinder for fine alignment of the tracker on the celestial axis.<\/li>\n<li><strong>Headlamp<\/strong> Headlamp: useful for night-time settings without disturbing dark adaptation.<\/li>\n<\/ul>","protected":false},"excerpt":{"rendered":"<p>Move Shoot Move NOMAD \u2013 Star Tracker ultra-portable pour l\u2019astrophotographie Le Move Shoot Move NOMAD est un star tracker de nouvelle g\u00e9n\u00e9ration con\u00e7u pour les passionn\u00e9s d\u2019astrophotographie nomade. Ultra-l\u00e9ger, silencieux, et simple \u00e0 utiliser, il permet de r\u00e9ussir vos poses longues sans fil\u00e9 d\u2019\u00e9toiles, m\u00eame sans exp\u00e9rience pr\u00e9alable en mise en station. Son format compact [&hellip;]<\/p>\n","protected":false},"featured_media":8584,"comment_status":"open","ping_status":"closed","template":"","meta":[],"product_brand":[821],"product_cat":[20,816,815,765],"product_tag":[],"class_list":{"0":"post-8542","1":"product","2":"type-product","3":"status-publish","4":"has-post-thumbnail","6":"product_brand-move-shoot-move","7":"product_cat-montures","8":"product_cat-nouveautes","9":"product_cat-debutants","10":"product_cat-ultra-portables","12":"first","13":"onbackorder","14":"taxable","15":"shipping-taxable","16":"purchasable","17":"product-type-variable"},"_links":{"self":[{"href":"https:\/\/deep-space-astronomy.ch\/en\/wp-json\/wp\/v2\/product\/8542","targetHints":{"allow":["GET"]}}],"collection":[{"href":"https:\/\/deep-space-astronomy.ch\/en\/wp-json\/wp\/v2\/product"}],"about":[{"href":"https:\/\/deep-space-astronomy.ch\/en\/wp-json\/wp\/v2\/types\/product"}],"replies":[{"embeddable":true,"href":"https:\/\/deep-space-astronomy.ch\/en\/wp-json\/wp\/v2\/comments?post=8542"}],"wp:featuredmedia":[{"embeddable":true,"href":"https:\/\/deep-space-astronomy.ch\/en\/wp-json\/wp\/v2\/media\/8584"}],"wp:attachment":[{"href":"https:\/\/deep-space-astronomy.ch\/en\/wp-json\/wp\/v2\/media?parent=8542"}],"wp:term":[{"taxonomy":"product_brand","embeddable":true,"href":"https:\/\/deep-space-astronomy.ch\/en\/wp-json\/wp\/v2\/product_brand?post=8542"},{"taxonomy":"product_cat","embeddable":true,"href":"https:\/\/deep-space-astronomy.ch\/en\/wp-json\/wp\/v2\/product_cat?post=8542"},{"taxonomy":"product_tag","embeddable":true,"href":"https:\/\/deep-space-astronomy.ch\/en\/wp-json\/wp\/v2\/product_tag?post=8542"}],"curies":[{"name":"wp","href":"https:\/\/api.w.org\/{rel}","templated":true}]}}