{"id":8725,"date":"2025-06-26T17:18:28","date_gmt":"2025-06-26T15:18:28","guid":{"rendered":"https:\/\/deep-space-astronomy.ch\/?post_type=product&#038;p=8725"},"modified":"2026-01-22T17:47:33","modified_gmt":"2026-01-22T16:47:33","slug":"sky-watcher-skyliner-400p-flextube-synscan-go-to","status":"publish","type":"product","link":"https:\/\/deep-space-astronomy.ch\/en\/product\/sky-watcher-skyliner-400p-flextube-synscan-go-to\/","title":{"rendered":"Sky-Watcher Skyliner-400P FlexTube SynScan Go-To"},"content":{"rendered":"<div>\n<h3>Sky-Watcher Skyliner 400P FlexTube SynScan Go-To Wi-Fi - The 406 mm connected Dobson<\/h3>\n<p><strong>A giant, intelligent, transportable Dobson<\/strong><br \/>\nSky-Watcher's Skyliner 400P FlexTube SynScan Go-To Wi-Fi combines 406 mm Newton parabolic optics with a patented retractable tube. <strong>FlexTube<\/strong> and technology <strong>Motorized Go-To with integrated Wi-Fi<\/strong>. Whether you want to explore the faintest objects in the deep sky or admire the details of the planets, this telescope offers an exceptional observing experience.<\/p>\n<h3>Powerful, precise optics<\/h3>\n<p>Thanks to its parabolic <strong>406 mm diameter<\/strong> and its 1800 mm focal length (f\/4.4), this telescope captures an impressive amount of light with high resolution. RAQ\u2122 (Radiant\u2122 Aluminum Quartz) treatment guarantees reflectivity up to 94 %, for sharp, high-contrast images rich in detail. Whether you're pointing at a distant nebula or the bands of Jupiter, the performance is right on target.<\/p>\n<h3>FlexTube technology and motorized Go-To mount<\/h3>\n<p>The design <strong>Retractable FlexTube<\/strong> makes this large diameter easy to transport. The <strong>motorized Dobson mount<\/strong> is equipped with robust integrated servo motors and a <strong>Go-To SynScan control<\/strong> controllable via joystick or <strong>Wi-Fi from the SynScan mobile app<\/strong> (iOS &amp; Android).<\/p>\n<p>The Go-To system gives you automatic access to <strong>more than 42,900 celestial objects<\/strong> (Messier, NGC, IC, Caldwell catalogs...). Tracking is smooth and silent. The <strong>patented double encoder<\/strong> allows you to move the telescope manually without losing alignment - a real plus in comfort and flexibility.<\/p>\n<h3>Included in the box<\/h3>\n<ul>\n<li>Tubus Newton 406 mm FlexTube retractable<\/li>\n<li>Motorized Dobson mount with accessory tray and integrated servo motors<\/li>\n<li>Integrated Wi-Fi for control via mobile app<\/li>\n<li>Crayford 2\u2033 eyepiece holder with 10:1 gear ratio and 1.25\u2033 adapter<\/li>\n<li>9\u00d750 optical finder<\/li>\n<li>Eyepieces: 10 mm and 25 mm<\/li>\n<li>Universal smartphone adapter<\/li>\n<li>Parabolic primary and secondary mirror with RAQ\u2122 treatment up to 94 %<\/li>\n<\/ul>\n<p><em>\u26a0\ufe0f 12V power supply not included. Sky-Watcher PowerTank 17Ah recommended.<\/em><\/p>\n<h3>Technical specifications<\/h3>\n<table border=\"1\" cellspacing=\"0\" cellpadding=\"8\">\n<tbody>\n<tr>\n<td><strong>Lens type<\/strong><\/td>\n<td>Newton (Dobson) reflector<\/td>\n<\/tr>\n<tr>\n<td><strong>Mirror diameter<\/strong><\/td>\n<td>406 mm<\/td>\n<\/tr>\n<tr>\n<td><strong>Focal length<\/strong><\/td>\n<td>1800 mm (f\/4.4)<\/td>\n<\/tr>\n<tr>\n<td><strong>Lens holder<\/strong><\/td>\n<td>Crayford 2\u2033 with 10:1 ratio + 1.25\u2033 adapter<\/td>\n<\/tr>\n<tr>\n<td><strong>Magnifications supplied<\/strong><\/td>\n<td>80x and 128x<\/td>\n<\/tr>\n<tr>\n<td><strong>Recommended maximum magnification<\/strong><\/td>\n<td>710x<\/td>\n<\/tr>\n<tr>\n<td><strong>Supplied eyepieces<\/strong><\/td>\n<td>10 mm and 25 mm (1.25\u2033) - 70\u00b0 wide angle<\/td>\n<\/tr>\n<tr>\n<td><strong>Researcher<\/strong><\/td>\n<td>9\u00d750 optical<\/td>\n<\/tr>\n<tr>\n<td><strong>Go-To technology<\/strong><\/td>\n<td>Motorized SynScan with joystick and integrated Wi-Fi<\/td>\n<\/tr>\n<tr>\n<td><strong>Go-To database<\/strong><\/td>\n<td>42,900+ objects (Messier, NGC, IC, Caldwell, planets, etc.)<\/td>\n<\/tr>\n<tr>\n<td><strong>Mobile connection<\/strong><\/td>\n<td>SynScan application (iOS &amp; Android)<\/td>\n<\/tr>\n<tr>\n<td><strong>Power supply<\/strong><\/td>\n<td>12V DC - not included<\/td>\n<\/tr>\n<tr>\n<td><strong>Shrink tube<\/strong><\/td>\n<td>Yes - FlexTube (97 cm to 151 cm)<\/td>\n<\/tr>\n<tr>\n<td><strong>Frame<\/strong><\/td>\n<td>Dobson Alt-Azimuth motorized with servo motors<\/td>\n<\/tr>\n<tr>\n<td><strong>Tube weight<\/strong><\/td>\n<td>32 kg<\/td>\n<\/tr>\n<tr>\n<td><strong>Total frame weight<\/strong><\/td>\n<td>53 kg<\/td>\n<\/tr>\n<tr>\n<td><strong>Shipping weight<\/strong><\/td>\n<td>112.4 kg<\/td>\n<\/tr>\n<tr>\n<td><strong>Package dimensions<\/strong><\/td>\n<td>120x63x66 cm \/ 102x95x36 cm \/ 55x55x28 cm<\/td>\n<\/tr>\n<\/tbody>\n<\/table>\n<h3>Conclusion<\/h3>\n<p>Visit <strong>Sky-Watcher Skyliner 400P FlexTube SynScan Go-To Wi-Fi<\/strong> is an exceptional telescope for visual observation enthusiasts. Thanks to its large aperture, flexible transport and assisted pointing technology, it takes you on a voyage of discovery of the sky's most beautiful objects with disconcerting ease. A top-of-the-range choice for deep-sky explorers.<\/p>\n<\/div>","protected":false},"excerpt":{"rendered":"<p>Sky-Watcher Skyliner 400P FlexTube SynScan Go-To Wi-Fi \u2013 Le Dobson connect\u00e9 de 406 mm Un Dobson g\u00e9ant, intelligent et transportable Le Skyliner 400P FlexTube SynScan Go-To Wi-Fi de Sky-Watcher associe une optique Newton parabolique de 406 mm, un tube r\u00e9tractable brevet\u00e9 FlexTube et une technologie Go-To motoris\u00e9e avec Wi-Fi int\u00e9gr\u00e9. Que ce soit pour explorer [&hellip;]<\/p>\n","protected":false},"featured_media":8884,"comment_status":"open","ping_status":"closed","template":"","meta":[],"product_brand":[822],"product_cat":[392,746,747],"product_tag":[],"class_list":{"0":"post-8725","1":"product","2":"type-product","3":"status-publish","4":"has-post-thumbnail","6":"product_brand-sky-watcher","7":"product_cat-telescopes_reflecteurs","8":"product_cat-dobson","9":"product_cat-newton","11":"first","12":"on_supplier","13":"sale","14":"taxable","15":"shipping-taxable","16":"purchasable","17":"product-type-simple"},"_links":{"self":[{"href":"https:\/\/deep-space-astronomy.ch\/en\/wp-json\/wp\/v2\/product\/8725","targetHints":{"allow":["GET"]}}],"collection":[{"href":"https:\/\/deep-space-astronomy.ch\/en\/wp-json\/wp\/v2\/product"}],"about":[{"href":"https:\/\/deep-space-astronomy.ch\/en\/wp-json\/wp\/v2\/types\/product"}],"replies":[{"embeddable":true,"href":"https:\/\/deep-space-astronomy.ch\/en\/wp-json\/wp\/v2\/comments?post=8725"}],"wp:featuredmedia":[{"embeddable":true,"href":"https:\/\/deep-space-astronomy.ch\/en\/wp-json\/wp\/v2\/media\/8884"}],"wp:attachment":[{"href":"https:\/\/deep-space-astronomy.ch\/en\/wp-json\/wp\/v2\/media?parent=8725"}],"wp:term":[{"taxonomy":"product_brand","embeddable":true,"href":"https:\/\/deep-space-astronomy.ch\/en\/wp-json\/wp\/v2\/product_brand?post=8725"},{"taxonomy":"product_cat","embeddable":true,"href":"https:\/\/deep-space-astronomy.ch\/en\/wp-json\/wp\/v2\/product_cat?post=8725"},{"taxonomy":"product_tag","embeddable":true,"href":"https:\/\/deep-space-astronomy.ch\/en\/wp-json\/wp\/v2\/product_tag?post=8725"}],"curies":[{"name":"wp","href":"https:\/\/api.w.org\/{rel}","templated":true}]}}