{"id":8728,"date":"2025-06-26T17:18:29","date_gmt":"2025-06-26T15:18:29","guid":{"rendered":"https:\/\/deep-space-astronomy.ch\/?post_type=product&#038;p=8728"},"modified":"2025-10-07T16:30:44","modified_gmt":"2025-10-07T14:30:44","slug":"sky-watcher-skyliner-250p-flextube-synscan-go-to-telescope-dobson-parabolique-go-to-de-254-mm-10-a-tube-retractable","status":"publish","type":"product","link":"https:\/\/deep-space-astronomy.ch\/en\/product\/sky-watcher-skyliner-250p-flextube-synscan-go-to-telescope-dobson-parabolique-go-to-de-254-mm-10-a-tube-retractable\/","title":{"rendered":"Sky-Watcher Skyliner-250P FlexTube SynScan Go-To"},"content":{"rendered":"<div>\n<h3>Sky-Watcher Skyliner 254P FlexTube SynScan Go-To Wi-Fi - The powerful automated Dobson<\/h3>\n<p><strong>The ultimate Dobson is born!<\/strong><br \/>\nThe Sky-Watcher Skyliner 254P FlexTube SynScan Go-To combines everything that visual astronomers are looking for: a large 254 mm parabolic mirror, a design <strong>retractable FlexTube<\/strong> for transport, and a patented <strong>Motorized, Wi-Fi-connected Go-To<\/strong>. This telescope automatically locates over 42,900 celestial objects, tracks them in real time, and can be controlled at your fingertips from your smartphone.<\/p>\n<p><strong>NEW :<\/strong> supplied with two wide-angle eyepieces (12.5 mm and 20 mm - 70\u00b0), a 1.25\u2033 adapter with brass clamping ring, a universal smartphone adapter and a Crayford 2\u2033 double-speed eyepiece holder. A complete set ready for use!<\/p>\n<h3>SynScan Go-To technology with integrated Wi-Fi<\/h3>\n<p>Thanks to SynScan Go-To technology, this Dobson turns into a real observation assistant. Connect it to the free SynScan app (iOS \/ Android) or use the included SynScan controller to :<\/p>\n<ul>\n<li>Automatically point over 42,900 celestial objects<\/li>\n<li>Enjoy a guided tour of the sky (\"Best Tonight\" function)<\/li>\n<li>Use the \"Point &amp; Go\" function simply by touching your screen<\/li>\n<li>Identify objects observed in real time<\/li>\n<li>Remote telescope control via the Internet<\/li>\n<li>Add custom objects and improve pointing accuracy (PAE)<\/li>\n<\/ul>\n<p>Its system <strong>with patented double encoder<\/strong> allows you to move the tube manually at any time without losing alignment - a unique freedom of use.<\/p>\n<h3>FlexTube retractable tube: more compact, more mobile<\/h3>\n<p>The design <strong>Fully retractable FlexTube<\/strong> for easy storage and transport. The tube is reduced from 120 cm to a much shorter length, while retaining its rigidity thanks to a 3-point locking system.<\/p>\n<h3>Powerful, bright optics<\/h3>\n<p>The primary mirror <strong>254 mm parabolic dish<\/strong> captures 56 % more light than a 200 mm telescope. With its RAQ\u2122 (Radiant\u2122 Aluminum Quartz) treatment, it offers reflectivity of up to 94 %, ensuring bright, high-contrast images rich in detail, whether of Saturn or distant galaxies.<\/p>\n<h3>Technical specifications<\/h3>\n<table border=\"1\" cellspacing=\"0\" cellpadding=\"8\">\n<tbody>\n<tr>\n<td><strong>Lens type<\/strong><\/td>\n<td>Newton reflector on Go-To motorized Dobson mount<\/td>\n<\/tr>\n<tr>\n<td><strong>Primary mirror diameter<\/strong><\/td>\n<td>254 mm<\/td>\n<\/tr>\n<tr>\n<td><strong>Focal length<\/strong><\/td>\n<td>1200 mm (f\/4.7)<\/td>\n<\/tr>\n<tr>\n<td><strong>Eyepieces included<\/strong><\/td>\n<td>12.5 mm &amp; 20 mm - Wide angle 70\u00b0 (1.25\u2033)<\/td>\n<\/tr>\n<tr>\n<td><strong>Magnifications supplied<\/strong><\/td>\n<td>60x and 96x<\/td>\n<\/tr>\n<tr>\n<td><strong>Theoretical maximum magnification<\/strong><\/td>\n<td>500x<\/td>\n<\/tr>\n<tr>\n<td><strong>Lens holder<\/strong><\/td>\n<td>Crayford 2\u2033 double speed with 1.25\u2033\/2\u2033 adapters<\/td>\n<\/tr>\n<tr>\n<td><strong>Mirror treatment<\/strong><\/td>\n<td>RAQ\u2122 - Reflectivity up to 94 %<\/td>\n<\/tr>\n<tr>\n<td><strong>Secondary support<\/strong><\/td>\n<td>Ultra-thin 0.5 mm to limit diffraction<\/td>\n<\/tr>\n<tr>\n<td><strong>Optical researcher<\/strong><\/td>\n<td>9\u00d750 straight<\/td>\n<\/tr>\n<tr>\n<td><strong>Optical tube<\/strong><\/td>\n<td>Retractable - FlexTube system with 3-point locking system<\/td>\n<\/tr>\n<tr>\n<td><strong>Frame<\/strong><\/td>\n<td>Dobson Alt-Az motorized with robust servo motors<\/td>\n<\/tr>\n<tr>\n<td><strong>Control<\/strong><\/td>\n<td>Integrated Wi-Fi - via SynScan mobile app or SynScan controller<\/td>\n<\/tr>\n<tr>\n<td><strong>SynScan database<\/strong><\/td>\n<td>42,900+ objects (Messier, NGC, IC, Caldwell, planets, stars, etc.)<\/td>\n<\/tr>\n<tr>\n<td><strong>Software compatibility<\/strong><\/td>\n<td>iOS \/ Android mobile apps, third-party planetarium software<\/td>\n<\/tr>\n<tr>\n<td><strong>Power supply<\/strong><\/td>\n<td>12V DC (Sky-Watcher PowerTank 17Ah recommended)<\/td>\n<\/tr>\n<tr>\n<td><strong>Light collection (vs 200 mm)<\/strong><\/td>\n<td>+56%<\/td>\n<\/tr>\n<\/tbody>\n<\/table>\n<h3>Skyliner 254P Go-To Wi-Fi highlights<\/h3>\n<ul>\n<li>Automatic tracking of over 42,900 celestial objects<\/li>\n<li>Intuitive control via Wi-Fi or SynScan controller<\/li>\n<li>Parabolic mirrors with RAQ\u2122 high reflectivity treatment<\/li>\n<li>Retractable FlexTube: greater transport comfort<\/li>\n<li>Crayford 2\u2033 double-speed eyepiece holder for precise focusing<\/li>\n<li>Dual encoders enable manual movement without loss of alignment<\/li>\n<\/ul>\n<h3>Conclusion<\/h3>\n<p>Visit <strong>Sky-Watcher Skyliner 254P FlexTube SynScan Go-To Wi-Fi<\/strong> is the Swiss Army Knife of modern visual astronomy. It's the perfect choice for the astronomer who wants it all: power, compactness, automation, freedom of movement and precision. Perfect for observing thousands of celestial objects effortlessly, from your garden or in the countryside.<\/p>\n<\/div>","protected":false},"excerpt":{"rendered":"<p>Sky-Watcher Skyliner 254P FlexTube SynScan Go-To Wi-Fi \u2013 Le Dobson automatis\u00e9 et puissant Le Dobson ultime est n\u00e9 ! Le Sky-Watcher Skyliner 254P FlexTube SynScan Go-To combine tout ce que les astronomes visuels recherchent : un large miroir parabolique de 254 mm, un design r\u00e9tractable FlexTube brevet\u00e9 pour le transport, et une technologie Go-To motoris\u00e9e [&hellip;]<\/p>\n","protected":false},"featured_media":8881,"comment_status":"open","ping_status":"closed","template":"","meta":[],"product_brand":[822],"product_cat":[816,746,815,392],"product_tag":[],"class_list":{"0":"post-8728","1":"product","2":"type-product","3":"status-publish","4":"has-post-thumbnail","6":"product_brand-sky-watcher","7":"product_cat-nouveautes","8":"product_cat-dobson","9":"product_cat-debutants","10":"product_cat-telescopes_reflecteurs","12":"first","13":"on_supplier","14":"sale","15":"taxable","16":"shipping-taxable","17":"purchasable","18":"product-type-simple"},"_links":{"self":[{"href":"https:\/\/deep-space-astronomy.ch\/en\/wp-json\/wp\/v2\/product\/8728","targetHints":{"allow":["GET"]}}],"collection":[{"href":"https:\/\/deep-space-astronomy.ch\/en\/wp-json\/wp\/v2\/product"}],"about":[{"href":"https:\/\/deep-space-astronomy.ch\/en\/wp-json\/wp\/v2\/types\/product"}],"replies":[{"embeddable":true,"href":"https:\/\/deep-space-astronomy.ch\/en\/wp-json\/wp\/v2\/comments?post=8728"}],"wp:featuredmedia":[{"embeddable":true,"href":"https:\/\/deep-space-astronomy.ch\/en\/wp-json\/wp\/v2\/media\/8881"}],"wp:attachment":[{"href":"https:\/\/deep-space-astronomy.ch\/en\/wp-json\/wp\/v2\/media?parent=8728"}],"wp:term":[{"taxonomy":"product_brand","embeddable":true,"href":"https:\/\/deep-space-astronomy.ch\/en\/wp-json\/wp\/v2\/product_brand?post=8728"},{"taxonomy":"product_cat","embeddable":true,"href":"https:\/\/deep-space-astronomy.ch\/en\/wp-json\/wp\/v2\/product_cat?post=8728"},{"taxonomy":"product_tag","embeddable":true,"href":"https:\/\/deep-space-astronomy.ch\/en\/wp-json\/wp\/v2\/product_tag?post=8728"}],"curies":[{"name":"wp","href":"https:\/\/api.w.org\/{rel}","templated":true}]}}