{"id":8734,"date":"2025-06-26T17:18:29","date_gmt":"2025-06-26T15:18:29","guid":{"rendered":"https:\/\/deep-space-astronomy.ch\/?post_type=product&#038;p=8734"},"modified":"2026-05-05T08:32:25","modified_gmt":"2026-05-05T06:32:25","slug":"sky-watcher-skyliner-250p-classic","status":"publish","type":"product","link":"https:\/\/deep-space-astronomy.ch\/en\/product\/sky-watcher-skyliner-250p-classic\/","title":{"rendered":"Dobson Sky-Watcher Skyliner-250P Classic"},"content":{"rendered":"<h3 style=\"text-align: center;\">Dobson Sky-Watcher Skyliner-250P Classic - Visual power at your fingertips<\/h3>\n<p><strong>A 254 mm Dobson telescope that combines performance, simplicity and excellent value for money.<\/strong><br \/>\nWith its large 254 mm parabolic mirror, the Skyliner 254 captures impressive details of galaxies, nebulae, star clusters and planets. It's the ideal instrument for advanced visual observation, without compromise.<\/p>\n<p><strong>NEW :<\/strong> supplied with two wide-angle eyepieces (12.5 mm and 20 mm - 70\u00b0), a 1.25\u2033 adapter with brass clamping ring to prevent scratching your eyepieces, and a universal smartphone adapter - capture the beauty of the sky with your phone!<\/p>\n<h3>What Sir Patrick Moore had to say<\/h3>\n<blockquote><p>\"I've used a large number of telescopes; some good, some mediocre, some even bad. For me, the Sky-Watcher range is excellent, suitable for all amateurs - and the prices remain very affordable. Outstanding value for money. Use them and enjoy.\"<br \/>\n<em>- Sir Patrick Moore CBE FRS (1923 - 2012)<\/em><\/p><\/blockquote>\n<h3>A fluid, robust Dobson mount<\/h3>\n<p>The principle behind the Dobson mount is simple: smooth, intuitive azimuth movement, without motors or electronics. The whole unit is designed to easily follow a celestial object with the hand, while remaining perfectly stable. Set-up takes just a few minutes.<\/p>\n<h3>High-end optics for the deep sky and planets<\/h3>\n<p>The primary mirror <strong>parabolic<\/strong> treated RAQ\u2122 offers up to 94 % of reflectivity. This enables faithful reproduction of detail, with excellent brightness. Thanks to its 254 mm diameter, this telescope collects 56 % more light than a 200 mm - a real difference on faint objects.<\/p>\n<h3><b>Examples of observations (classic targets)<\/b><\/h3>\n<ul>\n<li>\n<p class=\"p1\"><span class=\"s1\"><b>M42 - Great Orion Nebula<\/b><\/span> The sky: very spectacular, with a beautiful sense of relief. Under urban skies, you can sometimes make out a slight hint of color, depending on the conditions.<\/p>\n<\/li>\n<li>\n<p class=\"p1\"><span class=\"s1\"><b>M57 - Ring Nebula<\/b><\/span> : withstands very high magnifications, around <span class=\"s1\"><b>x250<\/b><\/span>, while maintaining a clean image.<\/p>\n<\/li>\n<li>\n<p class=\"p1\"><span class=\"s1\"><b>Sagittarius (Lagoon, Trifid, etc.)<\/b><\/span> Nebulae: bright, detailed nebulae when well positioned in the sky.<\/p>\n<\/li>\n<li>\n<p class=\"p1\"><span class=\"s1\"><b>M27 - Dumbbell Nebula<\/b><\/span> : very bright, easy to spot and particularly rewarding.<\/p>\n<\/li>\n<li>\n<p class=\"p1\"><span class=\"s1\"><b>Planets<\/b><\/span> all the major planets are accessible and offer rich observations (depending on turbulence and height on the horizon).<\/p>\n<\/li>\n<li>\n<p class=\"p1\"><span class=\"s1\"><b>M13 - Hercules globular cluster<\/b><\/span> : handles magnification very well (<span class=\"s1\"><b>~x250<\/b><\/span>) and reveals superb granulation.<\/p>\n<\/li>\n<\/ul>\n<h3><\/h3>\n<h3><b>How far the instrument can go (good sky + optimal conditions)<\/b><\/h3>\n<ul>\n<li>\n<p class=\"p1\"><span class=\"s1\"><b>Double-double de la Lyre<\/b><\/span> Separation without difficulty at <span class=\"s1\"><b>x250<\/b><\/span> with careful collimation.<\/p>\n<\/li>\n<li>\n<p class=\"p1\"><span class=\"s1\"><b>M51 - Whirlpool Galaxy<\/b><\/span> The spiral arms start to appear when the sky is quite dark.<\/p>\n<\/li>\n<li>\n<p class=\"p1\"><span class=\"s1\"><b>Dentelles du Cygne (without filter)<\/b><\/span> visible, but very delicate - a typical example of an object that rewards excellent skies.<\/p>\n<\/li>\n<li>\n<p class=\"p1\"><span class=\"s1\"><b>M31 - Andromeda<\/b><\/span> The dust band can appear in good conditions.<\/p>\n<\/li>\n<li>\n<p class=\"p1\"><span class=\"s1\"><b>Jupiter<\/b><\/span> : possible observation of key events such as the <span class=\"s1\"><b>eclipses\/satellite occultations<\/b><\/span>.<\/p>\n<\/li>\n<li>\n<p class=\"p1\"><span class=\"s1\"><b>Saturn<\/b><\/span> by exceptional seeing, we can go as far as <span class=\"s1\"><b>x500<\/b><\/span> and achieve an impressive level of detail.<\/p>\n<\/li>\n<\/ul>\n<h3>Technical specifications<\/h3>\n<table border=\"1\" cellspacing=\"0\" cellpadding=\"8\">\n<tbody>\n<tr>\n<td><strong>Lens type<\/strong><\/td>\n<td>Newton reflector on Dobson mount<\/td>\n<\/tr>\n<tr>\n<td><strong>Primary mirror diameter<\/strong><\/td>\n<td>254 mm<\/td>\n<\/tr>\n<tr>\n<td><strong>Focal length<\/strong><\/td>\n<td>1200 mm (f\/5)<\/td>\n<\/tr>\n<tr>\n<td><strong>Eyepieces included<\/strong><\/td>\n<td>12.5 mm and 20 mm - Wide angle 70\u00b0 (1.25\u2033)<\/td>\n<\/tr>\n<tr>\n<td><strong>Magnifications supplied<\/strong><\/td>\n<td>60x and 96x<\/td>\n<\/tr>\n<tr>\n<td><strong>Theoretical maximum magnification<\/strong><\/td>\n<td>508x<\/td>\n<\/tr>\n<tr>\n<td><strong>Lens holder<\/strong><\/td>\n<td>1.25\u2033 and 2\u2033 compatible (Dual Fit)<\/td>\n<\/tr>\n<tr>\n<td><strong>Adapter with brass ring<\/strong><\/td>\n<td>Yes, for 1.25\u2033 eyepieces<\/td>\n<\/tr>\n<tr>\n<td><strong>Mirrors<\/strong><\/td>\n<td>Parabolic primary and secondary, RAQ\u2122 treatment<\/td>\n<\/tr>\n<tr>\n<td><strong>Secondary support<\/strong><\/td>\n<td>0.5 mm thin branches to limit diffraction<\/td>\n<\/tr>\n<tr>\n<td><strong>Researcher<\/strong><\/td>\n<td>9\u00d750 optics<\/td>\n<\/tr>\n<tr>\n<td><strong>Smartphone adapter<\/strong><\/td>\n<td>Universal (54 to 90 mm width)<\/td>\n<\/tr>\n<tr>\n<td><strong>SLR camera connection<\/strong><\/td>\n<td>Yes - Direct SLR<\/td>\n<\/tr>\n<tr>\n<td><strong>Frame<\/strong><\/td>\n<td>Wooden alt-azimuth with accessory tray<\/td>\n<\/tr>\n<tr>\n<td><strong>Light collection (vs 200 mm)<\/strong><\/td>\n<td>+56%<\/td>\n<\/tr>\n<\/tbody>\n<\/table>\n<h3>Why choose the Skyliner 254?<\/h3>\n<ul>\n<li>Exceptional light-gathering power for a Dobson<\/li>\n<li>Images rich in contrast and detail thanks to parabolic mirrors<\/li>\n<li>Easy to assemble and operate, even for novice hobbyists<\/li>\n<li>Photo compatible: SLR and smartphone<\/li>\n<li>Supplied complete with eyepieces, finder, 1.25\u2033\/2\u2033 adapters, accessories<\/li>\n<\/ul>\n<h3>Conclusion<\/h3>\n<p>Visit <strong>Sky-Watcher Skyliner 254\/1200<\/strong> is a powerful, versatile and reliable telescope. It offers an immersive observation experience, whether you're passionate about nebulae, galaxies or planets. Recommended by experts and acclaimed for its simplicity, it represents a sure bet in the world of large Dobson telescopes.<\/p>","protected":false},"excerpt":{"rendered":"<p>Dobson Sky-Watcher Skyliner-250P Classic \u2013 La puissance visuelle accessible Un t\u00e9lescope Dobson de 254 mm qui allie performance, simplicit\u00e9 et excellent rapport qualit\u00e9\/prix. Avec son large miroir parabolique de 254 mm, le Skyliner 254 capte des d\u00e9tails impressionnants sur les galaxies, n\u00e9buleuses, amas stellaires et plan\u00e8tes. C\u2019est un instrument id\u00e9al pour l\u2019observation visuelle avanc\u00e9e, sans [&hellip;]<\/p>\n","protected":false},"featured_media":8869,"comment_status":"open","ping_status":"closed","template":"","meta":[],"product_brand":[822],"product_cat":[392,746,816,745],"product_tag":[],"class_list":{"0":"post-8734","1":"product","2":"type-product","3":"status-publish","4":"has-post-thumbnail","6":"product_brand-sky-watcher","7":"product_cat-telescopes_reflecteurs","8":"product_cat-dobson","9":"product_cat-nouveautes","10":"product_cat-telescope-dinitiation","12":"first","13":"onbackorder","14":"taxable","15":"shipping-taxable","16":"purchasable","17":"product-type-simple"},"_links":{"self":[{"href":"https:\/\/deep-space-astronomy.ch\/en\/wp-json\/wp\/v2\/product\/8734","targetHints":{"allow":["GET"]}}],"collection":[{"href":"https:\/\/deep-space-astronomy.ch\/en\/wp-json\/wp\/v2\/product"}],"about":[{"href":"https:\/\/deep-space-astronomy.ch\/en\/wp-json\/wp\/v2\/types\/product"}],"replies":[{"embeddable":true,"href":"https:\/\/deep-space-astronomy.ch\/en\/wp-json\/wp\/v2\/comments?post=8734"}],"wp:featuredmedia":[{"embeddable":true,"href":"https:\/\/deep-space-astronomy.ch\/en\/wp-json\/wp\/v2\/media\/8869"}],"wp:attachment":[{"href":"https:\/\/deep-space-astronomy.ch\/en\/wp-json\/wp\/v2\/media?parent=8734"}],"wp:term":[{"taxonomy":"product_brand","embeddable":true,"href":"https:\/\/deep-space-astronomy.ch\/en\/wp-json\/wp\/v2\/product_brand?post=8734"},{"taxonomy":"product_cat","embeddable":true,"href":"https:\/\/deep-space-astronomy.ch\/en\/wp-json\/wp\/v2\/product_cat?post=8734"},{"taxonomy":"product_tag","embeddable":true,"href":"https:\/\/deep-space-astronomy.ch\/en\/wp-json\/wp\/v2\/product_tag?post=8734"}],"curies":[{"name":"wp","href":"https:\/\/api.w.org\/{rel}","templated":true}]}}