{"id":8807,"date":"2025-06-26T17:46:11","date_gmt":"2025-06-26T15:46:11","guid":{"rendered":"https:\/\/deep-space-astronomy.ch\/?post_type=product&#038;p=8807"},"modified":"2026-03-29T17:50:12","modified_gmt":"2026-03-29T15:50:12","slug":"sky-watcher-wave-100i","status":"publish","type":"product","link":"https:\/\/deep-space-astronomy.ch\/en\/product\/sky-watcher-wave-100i\/","title":{"rendered":"Sky-Watcher WAVE-100i"},"content":{"rendered":"<h2 style=\"text-align: center;\">Sky-Watcher Wave 100i - Light and precise harmonic GoTo mount<\/h2>\n<p>Visit <strong>Wave 100i<\/strong> from Sky-Watcher is based on innovative technology <strong>Strainwave<\/strong> for high-precision tracking in a compact, ultra-lightweight format.<br \/>\nCompatible with <strong>ASI Air<\/strong> and the most modern platforms (SynScan, StellarMate, Eagle, etc.), it allows you to <strong>control via Wi-Fi, Bluetooth or USB cable<\/strong>.<br \/>\nIts rugged yet portable design makes it the ideal companion for astrophotographers on the move.<\/p>\n<h3>Technical data - Sky-Watcher Wave 100i<\/h3>\n<table border=\"1\" cellspacing=\"0\" cellpadding=\"8\">\n<tbody>\n<tr>\n<th>Technology<\/th>\n<td>Strainwave drive (Harmonic Drive)<\/td>\n<\/tr>\n<tr>\n<th>Operating modes<\/th>\n<td>Equatorial (EQ) &amp; Azimuthal (AZ)<\/td>\n<\/tr>\n<tr>\n<th>Load capacity (without counterweight)<\/th>\n<td>10 kg (22 lbs)<\/td>\n<\/tr>\n<tr>\n<th>Load capacity (with counterweight)<\/th>\n<td>15 kg (33 lbs)<\/td>\n<\/tr>\n<tr>\n<th>Mounting head weight<\/th>\n<td>4.3 kg (9.5 lbs)<\/td>\n<\/tr>\n<tr>\n<th>Tripod compatibility<\/th>\n<td>Optional tripod and column adapter<\/td>\n<\/tr>\n<tr>\n<th>Instrument mounting<\/th>\n<td>Vixen\/Losmandy hybrid saddles + secondary saddle included<\/td>\n<\/tr>\n<tr>\n<th>Latitude range<\/th>\n<td>0\u00b0 to 90\u00b0 with red backlit scale and bubble level<\/td>\n<\/tr>\n<tr>\n<th>Pointing speed<\/th>\n<td>Up to 7.5\u00b0\/second<\/td>\n<\/tr>\n<tr>\n<th>Connection<\/th>\n<td>Wi-Fi, Bluetooth, USB-B (cable included)<\/td>\n<\/tr>\n<tr>\n<th>Intelligent functions<\/th>\n<td>RA braking, Home RA\/DEC positions, autosteer compatibility<\/td>\n<\/tr>\n<tr>\n<th>GoTo database<\/th>\n<td>SynScan compatible - 42'900+ objects<\/td>\n<\/tr>\n<tr>\n<th>Power supply<\/th>\n<td>12V - 2A (not included)<\/td>\n<\/tr>\n<tr>\n<th>Tripod and counterweight<\/th>\n<td>Not included - available separately<\/td>\n<\/tr>\n<\/tbody>\n<\/table>\n<h3>A frame for nomads, photographers and demanding enthusiasts<\/h3>\n<p>The Wave 100i is much more than just a compact frame: it's a concentrate of innovation. It incorporates precision mechanics<br \/>\nwith <strong>harmonic technology (Strainwave)<\/strong>All in a transportable format.<br \/>\nIts silent operation and universal interface will appeal to amateurs and experts alike.<\/p>\n<h3>Exclusive features<\/h3>\n<ul>\n<li><strong>Secondary saddle included<\/strong> dual Alt-Az mounting (up to 10 kg per instrument)<\/li>\n<li><strong>RA Braking<\/strong> passive braking system in the event of a power failure<\/li>\n<li><strong>Fast speed<\/strong> ideal for tracking satellites and moving objects (dedicated PC software available)<\/li>\n<li><strong>Open ecosystem<\/strong> : works with ASIAir, SynScan, Stellarmate, and many others<\/li>\n<\/ul>\n<h3>Available accessories (optional)<\/h3>\n<ul>\n<li>Stainless steel counterweight kit<\/li>\n<li>Carbon or steel column or tripod<\/li>\n<li>Canon\/Nikon photo adapters (M48x0.75)<\/li>\n<li>GPS module, 90\u00b0 polar eyepiece, SynGuider autoguider<\/li>\n<\/ul>\n<p><em>Available now - Fast delivery from Switzerland - Payment by instalments possible - Enthusiastic customer service<\/em><\/p>","protected":false},"excerpt":{"rendered":"<p>Sky-Watcher Wave 100i \u2013 Monture harmonique l\u00e9g\u00e8re et pr\u00e9cise GoTo La Wave 100i de Sky-Watcher exploite la technologie innovante Strainwave pour offrir un suivi haute pr\u00e9cision dans un format compact et ultra-l\u00e9ger. Compatible avec ASI Air et les plateformes les plus modernes (SynScan, StellarMate, Eagle, etc.), elle permet de piloter en Wi-Fi, Bluetooth ou via [&hellip;]<\/p>\n","protected":false},"featured_media":8931,"comment_status":"open","ping_status":"closed","template":"","meta":[],"product_brand":[822],"product_cat":[816,762,20,765],"product_tag":[],"class_list":{"0":"post-8807","1":"product","2":"type-product","3":"status-publish","4":"has-post-thumbnail","6":"product_brand-sky-watcher","7":"product_cat-nouveautes","8":"product_cat-equatoriales","9":"product_cat-montures","10":"product_cat-ultra-portables","12":"first","13":"on_supplier","14":"taxable","15":"shipping-taxable","16":"purchasable","17":"product-type-simple"},"_links":{"self":[{"href":"https:\/\/deep-space-astronomy.ch\/en\/wp-json\/wp\/v2\/product\/8807","targetHints":{"allow":["GET"]}}],"collection":[{"href":"https:\/\/deep-space-astronomy.ch\/en\/wp-json\/wp\/v2\/product"}],"about":[{"href":"https:\/\/deep-space-astronomy.ch\/en\/wp-json\/wp\/v2\/types\/product"}],"replies":[{"embeddable":true,"href":"https:\/\/deep-space-astronomy.ch\/en\/wp-json\/wp\/v2\/comments?post=8807"}],"wp:featuredmedia":[{"embeddable":true,"href":"https:\/\/deep-space-astronomy.ch\/en\/wp-json\/wp\/v2\/media\/8931"}],"wp:attachment":[{"href":"https:\/\/deep-space-astronomy.ch\/en\/wp-json\/wp\/v2\/media?parent=8807"}],"wp:term":[{"taxonomy":"product_brand","embeddable":true,"href":"https:\/\/deep-space-astronomy.ch\/en\/wp-json\/wp\/v2\/product_brand?post=8807"},{"taxonomy":"product_cat","embeddable":true,"href":"https:\/\/deep-space-astronomy.ch\/en\/wp-json\/wp\/v2\/product_cat?post=8807"},{"taxonomy":"product_tag","embeddable":true,"href":"https:\/\/deep-space-astronomy.ch\/en\/wp-json\/wp\/v2\/product_tag?post=8807"}],"curies":[{"name":"wp","href":"https:\/\/api.w.org\/{rel}","templated":true}]}}