{"id":8827,"date":"2025-06-26T17:46:14","date_gmt":"2025-06-26T15:46:14","guid":{"rendered":"https:\/\/deep-space-astronomy.ch\/?post_type=product&#038;p=8827"},"modified":"2025-11-18T17:39:46","modified_gmt":"2025-11-18T16:39:46","slug":"sky-watcher-eq8-r-pro-monture","status":"publish","type":"product","link":"https:\/\/deep-space-astronomy.ch\/en\/product\/sky-watcher-eq8-r-pro-monture\/","title":{"rendered":"Sky-Watcher EQ8-R PRO Mount with column tripod"},"content":{"rendered":"<h3>Sky-Watcher EQ8-R with column tripod - Observatory-class motorized equatorial mount<\/h3>\n<p>Visit <strong>Sky-Watcher EQ8-R with column tripod<\/strong> is an ultra-high-capacity GoTo equatorial mount, designed to accommodate the heaviest instruments in fixed or semi-permanent observatory settings. With a <strong>50 kg load capacity<\/strong> and a <strong>ultra-stable column tripod<\/strong>It is a reference platform for the most demanding astrophotographers.<\/p>\n<p>The EQ8-R features all-metal mechanics and a <strong>belt drive system<\/strong> on both axes, as well as a <strong>complete internal wiring<\/strong> (USB 3.0, power, serial) for reliable, silent and simplified operation, even in remote locations. Every component is designed for precision and efficiency.<\/p>\n<h3>Key features of the Sky-Watcher EQ8-R with tripod<\/h3>\n<ul>\n<li><strong>Maximum payload: 50 kg<\/strong> - suitable for large tubes and heavy setups<\/li>\n<li>Training by <strong>silent belts<\/strong> on RA and DEC - increased precision, reduced backlash<\/li>\n<li><strong>Integrated internal wiring<\/strong> - 4 USB 3.0 ports, 3 power ports, 3 serial ports<\/li>\n<li><strong>0.9\u00b0 stepper motors<\/strong> - smooth, stable tracking<\/li>\n<li><strong>SynScan V5 Racket<\/strong> or direct PC control - GoTo database of 42,900 objects<\/li>\n<li><strong>Reinforced column tripod<\/strong> - maximum stability for permanent setup<\/li>\n<li><strong>Advanced functions :<\/strong> homing sensors, physical stops, PEC, burst exposures<\/li>\n<\/ul>\n<h3>Frame technical specifications<\/h3>\n<table border=\"1\" cellspacing=\"0\" cellpadding=\"6\">\n<thead>\n<tr>\n<th colspan=\"2\">Sky-Watcher EQ8-R mount<\/th>\n<\/tr>\n<\/thead>\n<tbody>\n<tr>\n<td><strong>Type<\/strong><\/td>\n<td>Equatorial motorized GoTo (very high capacity)<\/td>\n<\/tr>\n<tr>\n<td><strong>Payload<\/strong><\/td>\n<td>50 kg (110 lbs)<\/td>\n<\/tr>\n<tr>\n<td><strong>Head weight<\/strong><\/td>\n<td>25.8 kg<\/td>\n<\/tr>\n<tr>\n<td><strong>Head height only<\/strong><\/td>\n<td>49.5 cm<\/td>\n<\/tr>\n<tr>\n<td><strong>OTA mounting<\/strong><\/td>\n<td>Dovetail type D (Losmandy)<\/td>\n<\/tr>\n<tr>\n<td><strong>Motors<\/strong><\/td>\n<td>Hybrid steppers 0.9<\/td>\n<\/tr>\n<tr>\n<td><strong>Training<\/strong><\/td>\n<td>Toothed belt on RA and DEC<\/td>\n<\/tr>\n<tr>\n<td><strong>Latitude range<\/strong><\/td>\n<td>10\u00b0 \u00e0 65\u00b0<\/td>\n<\/tr>\n<tr>\n<td><strong>Power supply<\/strong><\/td>\n<td>DC 11-16V, 3A (threaded aviation connector)<\/td>\n<\/tr>\n<\/tbody>\n<\/table>\n<h3>Features of the column tripod<\/h3>\n<table border=\"1\" cellspacing=\"0\" cellpadding=\"6\">\n<thead>\n<tr>\n<th colspan=\"2\">Pier Tripod included<\/th>\n<\/tr>\n<\/thead>\n<tbody>\n<tr>\n<td><strong>Tripod weight<\/strong><\/td>\n<td>29.4 kg<\/td>\n<\/tr>\n<tr>\n<td><strong>Min. height with frame<\/strong><\/td>\n<td>126.4 cm<\/td>\n<\/tr>\n<tr>\n<td><strong>Max. height with mount<\/strong><\/td>\n<td>148.9 cm<\/td>\n<\/tr>\n<tr>\n<td><strong>Leg diameter<\/strong><\/td>\n<td>60 mm<\/td>\n<\/tr>\n<tr>\n<td><strong>Folded height<\/strong><\/td>\n<td>76.8 cm<\/td>\n<\/tr>\n<\/tbody>\n<\/table>\n<h3>Connections and controls<\/h3>\n<table border=\"1\" cellspacing=\"0\" cellpadding=\"6\">\n<thead>\n<tr>\n<th colspan=\"2\">Ports and control functions<\/th>\n<\/tr>\n<\/thead>\n<tbody>\n<tr>\n<td><strong>GoTo database<\/strong><\/td>\n<td>Messier, NGC, IC, SAO + 25 user objects (42,900 objects in total)<\/td>\n<\/tr>\n<tr>\n<td><strong>Racket included<\/strong><\/td>\n<td>SynScan V5 (Flash-upgradable)<\/td>\n<\/tr>\n<tr>\n<td><strong>Direct PC connection<\/strong><\/td>\n<td>Yes (USB)<\/td>\n<\/tr>\n<tr>\n<td><strong>USB ports<\/strong><\/td>\n<td>4x USB 3.0<\/td>\n<\/tr>\n<tr>\n<td><strong>Power supply ports<\/strong><\/td>\n<td>3x 2.1 mm (DC)<\/td>\n<\/tr>\n<tr>\n<td><strong>Serial ports<\/strong><\/td>\n<td>3x<\/td>\n<\/tr>\n<tr>\n<td><strong>Self-steering port<\/strong><\/td>\n<td>Yes (ST4)<\/td>\n<\/tr>\n<tr>\n<td><strong>Wi-Fi<\/strong><\/td>\n<td>Dongle option<\/td>\n<\/tr>\n<tr>\n<td><strong>GPS<\/strong><\/td>\n<td>SynScan GPS option<\/td>\n<\/tr>\n<tr>\n<td><strong>Pointing speeds<\/strong><\/td>\n<td>1000x to 1x (9 speeds)<\/td>\n<\/tr>\n<\/tbody>\n<\/table>\n<h3>Accessories included<\/h3>\n<ul>\n<li>EQ8-R mount<\/li>\n<li>Reinforced column tripod (Pier Tripod)<\/li>\n<li>2 counterweights weighing 9.9 kg (22 lbs)<\/li>\n<li>SynScan V5 Racket<\/li>\n<li>Counterweight bar<\/li>\n<li>DC power cable<\/li>\n<li>Instruction manual<\/li>\n<\/ul>\n<h3>The ultimate solution for personal observatories<\/h3>\n<p>Visit <strong>Sky-Watcher EQ8-R with column tripod<\/strong> is cut out for heavy setups and the extreme demands of high-level astrophotography. Its metal construction, advanced features, internal cable management and massive tripod make it a pillar of stability and performance for permanent or semi-permanent installations.<\/p>","protected":false},"excerpt":{"rendered":"<p>Sky-Watcher EQ8-R avec tr\u00e9pied colonne \u2013 Monture \u00e9quatoriale motoris\u00e9e de classe observatoire La Sky-Watcher EQ8-R avec tr\u00e9pied colonne est une monture \u00e9quatoriale GoTo \u00e0 tr\u00e8s haute capacit\u00e9, con\u00e7ue pour accueillir les instruments les plus lourds dans un contexte d&rsquo;observatoire fixe ou semi-permanent. Avec une capacit\u00e9 de charge de 50 kg et un tr\u00e9pied colonne ultra-stable, [&hellip;]<\/p>\n","protected":false},"featured_media":9221,"comment_status":"open","ping_status":"closed","template":"","meta":[],"product_brand":[822],"product_cat":[20,762],"product_tag":[],"class_list":{"0":"post-8827","1":"product","2":"type-product","3":"status-publish","4":"has-post-thumbnail","6":"product_brand-sky-watcher","7":"product_cat-montures","8":"product_cat-equatoriales","10":"first","11":"on_supplier","12":"taxable","13":"shipping-taxable","14":"purchasable","15":"product-type-simple"},"_links":{"self":[{"href":"https:\/\/deep-space-astronomy.ch\/en\/wp-json\/wp\/v2\/product\/8827","targetHints":{"allow":["GET"]}}],"collection":[{"href":"https:\/\/deep-space-astronomy.ch\/en\/wp-json\/wp\/v2\/product"}],"about":[{"href":"https:\/\/deep-space-astronomy.ch\/en\/wp-json\/wp\/v2\/types\/product"}],"replies":[{"embeddable":true,"href":"https:\/\/deep-space-astronomy.ch\/en\/wp-json\/wp\/v2\/comments?post=8827"}],"wp:featuredmedia":[{"embeddable":true,"href":"https:\/\/deep-space-astronomy.ch\/en\/wp-json\/wp\/v2\/media\/9221"}],"wp:attachment":[{"href":"https:\/\/deep-space-astronomy.ch\/en\/wp-json\/wp\/v2\/media?parent=8827"}],"wp:term":[{"taxonomy":"product_brand","embeddable":true,"href":"https:\/\/deep-space-astronomy.ch\/en\/wp-json\/wp\/v2\/product_brand?post=8827"},{"taxonomy":"product_cat","embeddable":true,"href":"https:\/\/deep-space-astronomy.ch\/en\/wp-json\/wp\/v2\/product_cat?post=8827"},{"taxonomy":"product_tag","embeddable":true,"href":"https:\/\/deep-space-astronomy.ch\/en\/wp-json\/wp\/v2\/product_tag?post=8827"}],"curies":[{"name":"wp","href":"https:\/\/api.w.org\/{rel}","templated":true}]}}