{"id":8829,"date":"2025-06-26T17:46:15","date_gmt":"2025-06-26T15:46:15","guid":{"rendered":"https:\/\/deep-space-astronomy.ch\/?post_type=product&#038;p=8829"},"modified":"2025-09-17T15:45:50","modified_gmt":"2025-09-17T13:45:50","slug":"sky-watcher-cq350-pro-tete-de-monture-avec-trepied-en-acier-inox-275","status":"publish","type":"product","link":"https:\/\/deep-space-astronomy.ch\/en\/product\/sky-watcher-cq350-pro-tete-de-monture-avec-trepied-en-acier-inox-275\/","title":{"rendered":"Sky-Watcher CQ350 PRO 2.75\u2033 stainless steel tripod mount head"},"content":{"rendered":"<h3>Sky-Watcher CQ350 Pro - GoTo equatorial mount with reinforced field tripod<\/h3>\n<p>Visit <strong>Sky-Watcher CQ350 Pro<\/strong> is a new-generation equatorial mount designed to meet the needs of advanced astrophotographers and semi-professional installations. It fits between the EQ6-R Pro and EQ8-R Pro mounts, and is distinguished by a <strong>35 kg (77 lbs) load capacity<\/strong>, A rugged, silent and precise design, and connectors designed for advanced imaging.<\/p>\n<p>In this complete version, the CQ350 is supplied with a <strong>reinforced steel field tripod<\/strong>, capable of supporting the heaviest configurations with remarkable stability, yet compact enough to be used in the field.<\/p>\n<h3>Key features<\/h3>\n<ul>\n<li>Load capacity : <strong>35 kg<\/strong> - perfect for 150 mm lenses, heavy-duty Newtons and all accessories<\/li>\n<li><strong>Belt drive<\/strong> - silent, backlash-free operation with reduced periodic error<\/li>\n<li><strong>0.9\u00b0 stepper motors without gearboxes<\/strong> - enhanced precision<\/li>\n<li><strong>Full connectivity<\/strong>\u00a0: 4x USB, SNAP ports, guide, PC, power supply, AUX<\/li>\n<li><strong>SynScan V5 Racket<\/strong> - 42,000+ objects, advanced functions (auto-home, batch exposure...)<\/li>\n<li><strong>Two 9.9 kg counterweights<\/strong> included<\/li>\n<li><strong>Reinforced steel tripod<\/strong> with 70 mm legs and wide baseplate<\/li>\n<\/ul>\n<h3>Technical specifications of the CQ350 Pro with tripod<\/h3>\n<table border=\"1\" cellspacing=\"0\" cellpadding=\"6\">\n<thead>\n<tr>\n<th colspan=\"2\">Frame<\/th>\n<\/tr>\n<\/thead>\n<tbody>\n<tr>\n<td><strong>Type<\/strong><\/td>\n<td>Equatorial GoTo<\/td>\n<\/tr>\n<tr>\n<td><strong>Payload<\/strong><\/td>\n<td>35 kg (77 lbs)<\/td>\n<\/tr>\n<tr>\n<td><strong>Motors<\/strong><\/td>\n<td>Step-by-step hybrids 0.9<\/td>\n<\/tr>\n<tr>\n<td><strong>Training<\/strong><\/td>\n<td>Toothed belt, without gearbox<\/td>\n<\/tr>\n<tr>\n<td><strong>RA gear<\/strong><\/td>\n<td>155 mm - spring-loaded worm<\/td>\n<\/tr>\n<tr>\n<td><strong>Clutch RA\/DEC<\/strong><\/td>\n<td>Yes - locking<\/td>\n<\/tr>\n<tr>\n<td><strong>Tracking modes<\/strong><\/td>\n<td>Sidereal, solar, lunar<\/td>\n<\/tr>\n<tr>\n<td><strong>Adjustable latitude<\/strong><\/td>\n<td>10\u00b0 \u00e0 70\u00b0<\/td>\n<\/tr>\n<tr>\n<td><strong>Dovetail clamping<\/strong><\/td>\n<td>D\/V compatible Vixen and Losmandy<\/td>\n<\/tr>\n<tr>\n<td><strong>Head weight<\/strong><\/td>\n<td>15 kg<\/td>\n<\/tr>\n<tr>\n<td><strong>Head dimensions<\/strong><\/td>\n<td>434 x 176 x 323 mm<\/td>\n<\/tr>\n<\/tbody>\n<\/table>\n<p>&nbsp;<\/p>\n<table border=\"1\" cellspacing=\"0\" cellpadding=\"6\">\n<thead>\n<tr>\n<th colspan=\"2\">Reinforced tripod<\/th>\n<\/tr>\n<\/thead>\n<tbody>\n<tr>\n<td><strong>Weight<\/strong><\/td>\n<td>15.6 kg<\/td>\n<\/tr>\n<tr>\n<td><strong>Height (retracted \/ extended)<\/strong><\/td>\n<td>77.5 cm \/ 108 cm<\/td>\n<\/tr>\n<tr>\n<td><strong>Wheelbase (retracted\/extended)<\/strong><\/td>\n<td>99 cm \/ 142 cm<\/td>\n<\/tr>\n<tr>\n<td><strong>Leg diameter<\/strong><\/td>\n<td>70 mm (steel)<\/td>\n<\/tr>\n<tr>\n<td><strong>Compatibility<\/strong><\/td>\n<td>Mounting type EQ8-R<\/td>\n<\/tr>\n<\/tbody>\n<\/table>\n<p>&nbsp;<\/p>\n<table border=\"1\" cellspacing=\"0\" cellpadding=\"6\">\n<thead>\n<tr>\n<th colspan=\"2\">Connectors and electronics<\/th>\n<\/tr>\n<\/thead>\n<tbody>\n<tr>\n<td><strong>GoTo<\/strong><\/td>\n<td>Yes - SynScan V5 included<\/td>\n<\/tr>\n<tr>\n<td><strong>Database<\/strong><\/td>\n<td>42,000+ items<\/td>\n<\/tr>\n<tr>\n<td><strong>USB ports<\/strong><\/td>\n<td>4x USB-A<\/td>\n<\/tr>\n<tr>\n<td><strong>Power supply ports<\/strong><\/td>\n<td>3x 2.1 mm DC 6-24V<\/td>\n<\/tr>\n<tr>\n<td><strong>SNAP ports<\/strong><\/td>\n<td>Yes (2.1 mm)<\/td>\n<\/tr>\n<tr>\n<td><strong>Self-steering port<\/strong><\/td>\n<td>Yes (RJ-12)<\/td>\n<\/tr>\n<tr>\n<td><strong>AUX ports<\/strong><\/td>\n<td>RJ-10, RJ-12, RJ-45<\/td>\n<\/tr>\n<tr>\n<td><strong>PC connector<\/strong><\/td>\n<td>USB-B + serial port<\/td>\n<\/tr>\n<tr>\n<td><strong>Integrated GPS<\/strong><\/td>\n<td>No<\/td>\n<\/tr>\n<tr>\n<td><strong>Integrated Wi-Fi<\/strong><\/td>\n<td>No<\/td>\n<\/tr>\n<tr>\n<td><strong>Power supply<\/strong><\/td>\n<td>DC 11V-16V (5A minimum)<\/td>\n<\/tr>\n<\/tbody>\n<\/table>\n<h3>Box contents<\/h3>\n<ul>\n<li>Sky-Watcher CQ350 Pro mount<\/li>\n<li>Reinforced steel tripod<\/li>\n<li>2 counterweights weighing 9.9 kg<\/li>\n<li>Counterweight bar<\/li>\n<li>GoTo SynScan V5 racket<\/li>\n<li>SNAP cable<\/li>\n<li>DC power cable<\/li>\n<li>Racket holder<\/li>\n<li>Instruction manual<\/li>\n<\/ul>\n<h3>The ultimate platform for advanced astrophotography<\/h3>\n<p>Visit <strong>Sky-Watcher CQ350 Pro with reinforced field tripod<\/strong> offers the robustness of an observatory mount while remaining transportable. Its load-bearing capacity, precision motors and comprehensive connectivity make it ideal for the most demanding astrophotographic projects. A sure bet for experienced users or amateur observatories looking for reliability.<\/p>\n<p>&nbsp;<\/p>","protected":false},"excerpt":{"rendered":"<p>Sky-Watcher CQ350 Pro \u2013 Monture \u00e9quatoriale GoTo avec tr\u00e9pied terrain renforc\u00e9 La Sky-Watcher CQ350 Pro est une monture \u00e9quatoriale de nouvelle g\u00e9n\u00e9ration, con\u00e7ue pour r\u00e9pondre aux exigences des astrophotographes confirm\u00e9s et des installations semi-professionnelles. Elle s\u2019intercale entre les montures EQ6-R Pro et EQ8-R Pro, et se distingue par une capacit\u00e9 de charge de 35 kg [&hellip;]<\/p>\n","protected":false},"featured_media":9219,"comment_status":"open","ping_status":"closed","template":"","meta":[],"product_brand":[822],"product_cat":[816,762,20],"product_tag":[],"class_list":{"0":"post-8829","1":"product","2":"type-product","3":"status-publish","4":"has-post-thumbnail","6":"product_brand-sky-watcher","7":"product_cat-nouveautes","8":"product_cat-equatoriales","9":"product_cat-montures","11":"first","12":"on_supplier","13":"taxable","14":"shipping-taxable","15":"purchasable","16":"product-type-simple"},"_links":{"self":[{"href":"https:\/\/deep-space-astronomy.ch\/en\/wp-json\/wp\/v2\/product\/8829","targetHints":{"allow":["GET"]}}],"collection":[{"href":"https:\/\/deep-space-astronomy.ch\/en\/wp-json\/wp\/v2\/product"}],"about":[{"href":"https:\/\/deep-space-astronomy.ch\/en\/wp-json\/wp\/v2\/types\/product"}],"replies":[{"embeddable":true,"href":"https:\/\/deep-space-astronomy.ch\/en\/wp-json\/wp\/v2\/comments?post=8829"}],"wp:featuredmedia":[{"embeddable":true,"href":"https:\/\/deep-space-astronomy.ch\/en\/wp-json\/wp\/v2\/media\/9219"}],"wp:attachment":[{"href":"https:\/\/deep-space-astronomy.ch\/en\/wp-json\/wp\/v2\/media?parent=8829"}],"wp:term":[{"taxonomy":"product_brand","embeddable":true,"href":"https:\/\/deep-space-astronomy.ch\/en\/wp-json\/wp\/v2\/product_brand?post=8829"},{"taxonomy":"product_cat","embeddable":true,"href":"https:\/\/deep-space-astronomy.ch\/en\/wp-json\/wp\/v2\/product_cat?post=8829"},{"taxonomy":"product_tag","embeddable":true,"href":"https:\/\/deep-space-astronomy.ch\/en\/wp-json\/wp\/v2\/product_tag?post=8829"}],"curies":[{"name":"wp","href":"https:\/\/api.w.org\/{rel}","templated":true}]}}