{"id":8850,"date":"2025-06-26T17:51:31","date_gmt":"2025-06-26T15:51:31","guid":{"rendered":"https:\/\/deep-space-astronomy.ch\/?post_type=product&#038;p=8850"},"modified":"2025-07-16T17:00:22","modified_gmt":"2025-07-16T15:00:22","slug":"sky-watcher-explorer-190mn-ds-pro-eq6-r-pro","status":"publish","type":"product","link":"https:\/\/deep-space-astronomy.ch\/en\/product\/sky-watcher-explorer-190mn-ds-pro-eq6-r-pro\/","title":{"rendered":"Sky-Watcher Explorer-190MN DS-PRO + EQ6-R PRO"},"content":{"rendered":"<h3>Sky-Watcher Explorer-190MN DS-PRO on EQ6-R Pro - The ultimate tool for demanding astrophotographers<\/h3>\n<p>When optical performance rhymes with versatility and ingenious design, the result is the <strong>Sky-Watcher Explorer-190MN DS-PRO<\/strong>, a Maksutov-Newtonian telescope designed from the outset for enlightened amateurs and deep-sky photographers. This unique tube combines the contrast and optical correction of a Maksutov with the light gathering and mechanical simplicity of a Newton, creating a winning formula particularly suited to modern imaging.<\/p>\n<p>Thanks to its <strong>190 mm primary mirror<\/strong> and its 1000 mm focal length (f\/5.26), this telescope offers a <strong>resolution equivalent to that of an apochromatic telescope of the same diameter<\/strong>, chromatism-free, with a perfectly flat field and stars that are sharp right to the edge. The <strong>Schott glass<\/strong> used for the front corrector guarantees impeccable transparency and stability, while the mirror in <strong>Pyrex\u00ae<\/strong> limits heat-up time.<\/p>\n<p>The steel tube is reinforced with <strong>5 internal baffles with sharp edges<\/strong>, The lens is equipped with a special \"anti-reflective\" coating, effectively blocking stray reflections to maximize contrast. The whole unit rests on an eyepiece holder <strong>2-inch double-speed Crayford (10:1)<\/strong>, This smooth-running lens is ideal for precise focus in both visual and photographic applications. The 9\u00d750 angled finder and dovetail collars are included; only the eyepieces are to be chosen according to your preferences.<\/p>\n<h4>Explorer-190MN DS-PRO telescope features<\/h4>\n<table>\n<tbody>\n<tr>\n<td><strong>Optical type<\/strong><\/td>\n<td>Maksutov-Newtonian<\/td>\n<\/tr>\n<tr>\n<td><strong>Opening<\/strong><\/td>\n<td>190 mm<\/td>\n<\/tr>\n<tr>\n<td><strong>Focal length<\/strong><\/td>\n<td>1000 mm (f\/5.26)<\/td>\n<\/tr>\n<tr>\n<td><strong>Central obstruction<\/strong><\/td>\n<td>50 mm (26 %)<\/td>\n<\/tr>\n<tr>\n<td><strong>Front corrector<\/strong><\/td>\n<td>Schott glass<\/td>\n<\/tr>\n<tr>\n<td><strong>Primary mirror<\/strong><\/td>\n<td>Pyrex\u00ae<\/td>\n<\/tr>\n<tr>\n<td><strong>Baffling<\/strong><\/td>\n<td>5 anti-glare internal edges<\/td>\n<\/tr>\n<tr>\n<td><strong>Lens holder<\/strong><\/td>\n<td>Crayford 2\u2033 with 10:1 gear ratio<\/td>\n<\/tr>\n<tr>\n<td><strong>Accessories included<\/strong><\/td>\n<td>9\u00d750 finder, clamps, dovetail, 2\u2033-1.25\u2033 adapter<\/td>\n<\/tr>\n<tr>\n<td><strong>Eyepieces<\/strong><\/td>\n<td>Not supplied<\/td>\n<\/tr>\n<\/tbody>\n<\/table>\n<h3>EQ6-R Pro SynScan - A modern, powerful imaging mount<\/h3>\n<p>Delivered here with the <strong>EQ6-R Pro motorized equatorial mount<\/strong>, This is the perfect platform for astrophotography. A direct evolution of the famous EQ6, this modernized version features synchronous belts for smooth, silent operation, with no backlash, and a low power consumption. <strong>high torque<\/strong> ideal for long, guided exposures.<\/p>\n<p>Sa <strong>20 kg payload for astrophotography<\/strong> This allows it to handle the 190MN and its equipment without a hitch. Polar adjustment is facilitated by optimized mechanics and a <strong>integrated polar bezel<\/strong> and a wide latitude range (5\u00b0 to 65\u00b0). The included SynScan paddle gives access to a database of over 42,000 celestial objects, with automatic pointing.<\/p>\n<p>For advanced users, there is also a <strong>SNAP port<\/strong> for camera control, a <strong>PPEC<\/strong> (permanent correction of periodic error), an ST4 port for autoguiding, and full compatibility with pilot software (PC, ASIAIR, etc.).<\/p>\n<h4>Features of the EQ6-R Pro SynScan mount<\/h4>\n<table>\n<tbody>\n<tr>\n<td><strong>Type<\/strong><\/td>\n<td>German Equatorial Go-To<\/td>\n<\/tr>\n<tr>\n<td><strong>Maximum astrophoto load<\/strong><\/td>\n<td>20 kg<\/td>\n<\/tr>\n<tr>\n<td><strong>Weight of head alone<\/strong><\/td>\n<td>17.3 kg<\/td>\n<\/tr>\n<tr>\n<td><strong>Tripod<\/strong><\/td>\n<td>Stainless steel 2\u2033 - 7.5 kg<\/td>\n<\/tr>\n<tr>\n<td><strong>Counterweights supplied<\/strong><\/td>\n<td>2 x 5 kg<\/td>\n<\/tr>\n<tr>\n<td><strong>Latitude setting<\/strong><\/td>\n<td>5\u00b0 \u00e0 65\u00b0<\/td>\n<\/tr>\n<tr>\n<td><strong>Azimuth adjustment<\/strong><\/td>\n<td>\u00b19\u00b0<\/td>\n<\/tr>\n<tr>\n<td><strong>Transmission<\/strong><\/td>\n<td>Worm gear 180:1 + belt 48:12<\/td>\n<\/tr>\n<tr>\n<td><strong>Resolution<\/strong><\/td>\n<td>9216000 steps \/ revolution (~0.14\u201d)<\/td>\n<\/tr>\n<tr>\n<td><strong>Max. pointing speed<\/strong><\/td>\n<td>4.2\u00b0\/s<\/td>\n<\/tr>\n<tr>\n<td><strong>Tracking modes<\/strong><\/td>\n<td>Sidereal, lunar, solar<\/td>\n<\/tr>\n<tr>\n<td><strong>Correction PEC<\/strong><\/td>\n<td>PPEC on 100 segments<\/td>\n<\/tr>\n<tr>\n<td><strong>Controller<\/strong><\/td>\n<td>SynScan Go-To (42,000 items)<\/td>\n<\/tr>\n<tr>\n<td><strong>SNAP port<\/strong><\/td>\n<td>Yes<\/td>\n<\/tr>\n<tr>\n<td><strong>Compatibility<\/strong><\/td>\n<td>ST4, PC, ASCOM, third-party software<\/td>\n<\/tr>\n<\/tbody>\n<\/table>\n<p>Visit <strong>Sky-Watcher Explorer-190MN on EQ6-R Pro<\/strong> is a top-of-the-range set-up designed for lovers of beautiful images, who want a high-performance instrument for both photography and visuals. This duo, offering excellent value for money, will appeal to all those who want to go far without compromise.<\/p>","protected":false},"excerpt":{"rendered":"<p>Sky-Watcher Explorer-190MN DS-PRO sur EQ6-R Pro \u2013 L\u2019outil ultime des astrophotographes exigeants Quand performance optique rime avec polyvalence et design ing\u00e9nieux, cela donne le Sky-Watcher Explorer-190MN DS-PRO, un t\u00e9lescope Maksutov-Newtonien pens\u00e9 d\u00e8s le d\u00e9part pour les amateurs \u00e9clair\u00e9s et les photographes du ciel profond. Ce tube unique combine le contraste et la correction optique des [&hellip;]<\/p>\n","protected":false},"featured_media":9130,"comment_status":"open","ping_status":"closed","template":"","meta":[],"product_brand":[822],"product_cat":[824],"product_tag":[],"class_list":{"0":"post-8850","1":"product","2":"type-product","3":"status-publish","4":"has-post-thumbnail","6":"product_brand-sky-watcher","7":"product_cat-maksutov-newton","9":"first","10":"on_supplier","11":"taxable","12":"shipping-taxable","13":"purchasable","14":"product-type-simple"},"_links":{"self":[{"href":"https:\/\/deep-space-astronomy.ch\/en\/wp-json\/wp\/v2\/product\/8850","targetHints":{"allow":["GET"]}}],"collection":[{"href":"https:\/\/deep-space-astronomy.ch\/en\/wp-json\/wp\/v2\/product"}],"about":[{"href":"https:\/\/deep-space-astronomy.ch\/en\/wp-json\/wp\/v2\/types\/product"}],"replies":[{"embeddable":true,"href":"https:\/\/deep-space-astronomy.ch\/en\/wp-json\/wp\/v2\/comments?post=8850"}],"wp:featuredmedia":[{"embeddable":true,"href":"https:\/\/deep-space-astronomy.ch\/en\/wp-json\/wp\/v2\/media\/9130"}],"wp:attachment":[{"href":"https:\/\/deep-space-astronomy.ch\/en\/wp-json\/wp\/v2\/media?parent=8850"}],"wp:term":[{"taxonomy":"product_brand","embeddable":true,"href":"https:\/\/deep-space-astronomy.ch\/en\/wp-json\/wp\/v2\/product_brand?post=8850"},{"taxonomy":"product_cat","embeddable":true,"href":"https:\/\/deep-space-astronomy.ch\/en\/wp-json\/wp\/v2\/product_cat?post=8850"},{"taxonomy":"product_tag","embeddable":true,"href":"https:\/\/deep-space-astronomy.ch\/en\/wp-json\/wp\/v2\/product_tag?post=8850"}],"curies":[{"name":"wp","href":"https:\/\/api.w.org\/{rel}","templated":true}]}}