{"id":9512,"date":"2025-07-31T10:57:24","date_gmt":"2025-07-31T08:57:24","guid":{"rendered":"https:\/\/deep-space-astronomy.ch\/?post_type=product&#038;p=9512"},"modified":"2026-04-20T04:33:26","modified_gmt":"2026-04-20T02:33:26","slug":"dwarf3-smart-telescope","status":"publish","type":"product","link":"https:\/\/deep-space-astronomy.ch\/en\/product\/dwarf3-smart-telescope\/","title":{"rendered":"DWARF 3 - Ultra-versatile smart telescope"},"content":{"rendered":"<h3 style=\"text-align: center;\">DWARF 3 Smart Telescope - Astrophotography at your fingertips<\/h3>\n<p>Visit <strong>DWARF 3 Smart Telescope<\/strong> is a revolution in the world of astronomy and photography. Designed to be compact, powerful and incredibly easy to use, it makes astrophotography accessible to everyone, even beginners. Take it anywhere and capture the Moon, the Sun, the Milky Way, galaxies, nebulae... and much more!<\/p>\n<p><strong>DWARF 3 photo examples:<\/strong><\/p>\n<p><img fetchpriority=\"high\" decoding=\"async\" class=\"aligncenter\" src=\"https:\/\/cdn.shopify.com\/s\/files\/1\/0653\/7301\/2203\/files\/M8.jpg?v=1752047796&amp;width=2048\" alt=\"M8.jpg__PID:8478c825-aa52-4094-982e-88653ba95bd1\" width=\"665\" height=\"376\" \/><\/p>\n<p><img decoding=\"async\" class=\"aligncenter\" src=\"https:\/\/cdn.shopify.com\/s\/files\/1\/0653\/7301\/2203\/files\/1280X1280.jpg?v=1727665504&amp;width=2048\" alt=\"1280X1280.JPEG__PID:0d9e9c00-42be-4401-ab5b-f0e67689f29c\" width=\"661\" height=\"372\" \/><\/p>\n<h3><img decoding=\"async\" class=\"aligncenter\" src=\"https:\/\/cdn.shopify.com\/s\/files\/1\/0653\/7301\/2203\/files\/Dwarf_2_Comet_A3_2_2_1.jpg?v=1729476996\" width=\"667\" height=\"375\" \/><\/h3>\n<h3><img loading=\"lazy\" decoding=\"async\" class=\"aligncenter\" src=\"https:\/\/cdn.shopify.com\/s\/files\/1\/0653\/7301\/2203\/files\/crab.webp?v=1731377114\" width=\"666\" height=\"463\" \/><\/h3>\n<h3>Why choose DWARF 3?<\/h3>\n<ul>\n<li>A pocket-sized telescope in \"book\" format -&gt; you can take it anywhere, on a walk, on vacation or simply at home!<\/li>\n<li>Simple, automatic installation -&gt; 0 knowledge required. No alignment or headaches. Just install, calibrate and enjoy!<\/li>\n<li>Astrophotography, ornithology and gigapixel panoramas -&gt; it's all doable, automatic and the results are incredible!<\/li>\n<li>Intelligent dual-camera tracking system<\/li>\n<li>Integrated post-processing with no external software required<\/li>\n<li>Want to get more out of your data? Recover your raw data for use on dedicated software and discover the world of astrophoto processing!<\/li>\n<\/ul>\n<p><img loading=\"lazy\" decoding=\"async\" class=\"\" src=\"https:\/\/dwarflab.com\/cdn\/shop\/files\/portable_b06becc6-4f89-4547-909d-b78a075fa98c.webp?v=1720493425&amp;width=1445\" alt=\"DWARF 3 Smart Telescope\" width=\"636\" height=\"636\" \/><img loading=\"lazy\" decoding=\"async\" class=\"\" src=\"https:\/\/dwarflab.com\/cdn\/shop\/files\/dwarflab_KH_lightpolution_1x_c162e99b-38ab-4ed8-b209-6bb989e99516.jpg?v=1720493425&amp;width=1445\" alt=\"DWARF 3 Smart Telescope\" width=\"635\" height=\"635\" \/><\/p>\n<p>&nbsp;<\/p>\n<h3>\ud83d\udd2d Optical performance &amp; advanced sensor<\/h3>\n<table border=\"1\" cellspacing=\"0\" cellpadding=\"6\">\n<thead>\n<tr>\n<th>Component<\/th>\n<th>DWARF 3<\/th>\n<\/tr>\n<\/thead>\n<tbody>\n<tr>\n<td>Aperture<\/td>\n<td>35 mm (apochromatic telephoto lens)<\/td>\n<\/tr>\n<tr>\n<td>Sensor<\/td>\n<td>SONY IMX678 (STARVIS 2) - 2\u00b5m pixel size<\/td>\n<\/tr>\n<tr>\n<td>Integrated filters<\/td>\n<td>VIS \/ Astro \/ Dual-Band<\/td>\n<\/tr>\n<tr>\n<td>Image formats<\/td>\n<td>JPG, PNG, TIFF, FITS<\/td>\n<\/tr>\n<tr>\n<td>Equivalent focal length<\/td>\n<td>737 mm (tele) \/ 45 mm (wide-angle)<\/td>\n<\/tr>\n<\/tbody>\n<\/table>\n<h3><\/h3>\n<h3><img decoding=\"async\" src=\"https:\/\/dwarflab.com\/cdn\/shop\/files\/astroovercamping.webp?v=1716793332&amp;width=1445\" alt=\"DWARF 3 Smart Telescope\" \/><\/h3>\n<h3>\ud83c\udf0c Advanced functions for astrophotography<\/h3>\n<ul>\n<li><strong>One-tap shooting<\/strong> - a click is all it takes to capture an exceptional photo<\/li>\n<li><strong>Stellar Studio<\/strong> - automatic contrast, color and sharpness enhancement<\/li>\n<li><strong>Mega Stack<\/strong> - multi-session stacking for high-resolution images<\/li>\n<li><strong>Integrated atlas<\/strong> with automatic celestial object suggestions<\/li>\n<li><strong>Astro Mosaic<\/strong> - high-resolution mosaics to photograph large areas of sky<\/li>\n<\/ul>\n<h3>\ud83d\udcf1 Connectivity &amp; Application<\/h3>\n<ul>\n<li><strong>NFC connection<\/strong> instant via smartphone<\/li>\n<li><strong>Multilingual application<\/strong> (10 languages available)<\/li>\n<li><strong>Background mode<\/strong> - continues to work even if the application is reduced<\/li>\n<\/ul>\n<h3>\ud83d\udd0b Autonomy &amp; Storage<\/h3>\n<ul>\n<li>Built-in 10,000 mAh USB-C rechargeable battery<\/li>\n<li><strong>128GB eMMC internal storage<\/strong> (no microSD card required)<\/li>\n<\/ul>\n<h3>\ud83d\udcf7 Versatile functions<\/h3>\n<ul>\n<li><strong>Solar and lunar observation<\/strong><\/li>\n<li><strong>Gigapixel panoramic photos<\/strong> with AI capture mode<\/li>\n<li><strong>Ornithology<\/strong> with automatic tracking of birds in flight<\/li>\n<\/ul>\n<h3>\ud83d\udcd0 Technical data<\/h3>\n<table border=\"1\" cellspacing=\"0\" cellpadding=\"6\">\n<thead>\n<tr>\n<th>Features<\/th>\n<th>DWARF 3<\/th>\n<th>DWARF 2<\/th>\n<\/tr>\n<\/thead>\n<tbody>\n<tr>\n<td>Opening (TV)<\/td>\n<td>35 mm<\/td>\n<td>24 mm<\/td>\n<\/tr>\n<tr>\n<td>Focal length (TV)<\/td>\n<td>150 mm<\/td>\n<td>100 mm<\/td>\n<\/tr>\n<tr>\n<td>Sensor<\/td>\n<td>SONY IMX678<\/td>\n<td>SONY IMX415<\/td>\n<\/tr>\n<tr>\n<td>Integrated filters<\/td>\n<td>VIS, Astro, Dual-Band<\/td>\n<td>IR Cut \/ IR Pass<\/td>\n<\/tr>\n<tr>\n<td>Battery<\/td>\n<td>10,000 mAh built-in<\/td>\n<td>5,600 mAh removable<\/td>\n<\/tr>\n<tr>\n<td>Storage<\/td>\n<td>128GB eMMC<\/td>\n<td>64GB MicroSD<\/td>\n<\/tr>\n<tr>\n<td>Capture modes<\/td>\n<td>Photo, Video, Astro, Pano, Burst, Time-lapse (TV &amp; Wide)<\/td>\n<td>Limited to certain modes<\/td>\n<\/tr>\n<tr>\n<td>Dimensions<\/td>\n<td>222 \u00d7 142 \u00d7 65 mm<\/td>\n<td>204 \u00d7 130 \u00d7 62 mm<\/td>\n<\/tr>\n<tr>\n<td>Weight<\/td>\n<td>1.3 kg<\/td>\n<td>1.2 kg<\/td>\n<\/tr>\n<\/tbody>\n<\/table>\n<h3>\ud83d\udce6 Box contents<\/h3>\n<ul>\n<li>DWARF 3 Smart Telescope<\/li>\n<li>Carrying bag<\/li>\n<li>Magnetic solar filters<\/li>\n<li>Filter bag<\/li>\n<li>USB-C cable<\/li>\n<li>Cleaning cloth<\/li>\n<\/ul>\n<h3>\ud83d\ude80 Conclusion - The ideal companion for sky adventurers<\/h3>\n<p>Visit <strong>DWARF 3<\/strong> is much more than a telescope: it's a complete astrophotographic studio in an ultra-portable format. Whether you're an astronomy enthusiast, a nomadic photographer or a nature lover, it transforms every outing into a memorable celestial exploration.<\/p>\n<p><strong>Ready to observe the cosmos? Order yours today and join the new era of intelligent astronomy.<\/strong><\/p>","protected":false},"excerpt":{"rendered":"<p>DWARF 3 Smart Telescope \u2013 L&rsquo;astrophoto \u00e0 port\u00e9e de main Le DWARF 3 Smart Telescope est une r\u00e9volution dans le monde de l\u2019astronomie et de la photographie. Con\u00e7u pour \u00eatre compact, puissant et incroyablement simple d&rsquo;utilisation, il rend l&rsquo;astrophotographie accessible \u00e0 tous, m\u00eame aux d\u00e9butants. Emportez-le partout et capturez la Lune, le Soleil, la Voie [&hellip;]<\/p>\n","protected":false},"featured_media":9515,"comment_status":"open","ping_status":"closed","template":"","meta":[],"product_brand":[826],"product_cat":[392,833,816,815,753],"product_tag":[856],"class_list":{"0":"post-9512","1":"product","2":"type-product","3":"status-publish","4":"has-post-thumbnail","6":"product_brand-dwarflab","7":"product_cat-telescopes_reflecteurs","8":"product_cat-en-stock","9":"product_cat-nouveautes","10":"product_cat-debutants","11":"product_cat-smart-telescopes-telescopes_reflecteurs","12":"product_tag-produits-phares-en-stock","14":"first","15":"instock","16":"taxable","17":"shipping-taxable","18":"purchasable","19":"product-type-variable"},"_links":{"self":[{"href":"https:\/\/deep-space-astronomy.ch\/en\/wp-json\/wp\/v2\/product\/9512","targetHints":{"allow":["GET"]}}],"collection":[{"href":"https:\/\/deep-space-astronomy.ch\/en\/wp-json\/wp\/v2\/product"}],"about":[{"href":"https:\/\/deep-space-astronomy.ch\/en\/wp-json\/wp\/v2\/types\/product"}],"replies":[{"embeddable":true,"href":"https:\/\/deep-space-astronomy.ch\/en\/wp-json\/wp\/v2\/comments?post=9512"}],"wp:featuredmedia":[{"embeddable":true,"href":"https:\/\/deep-space-astronomy.ch\/en\/wp-json\/wp\/v2\/media\/9515"}],"wp:attachment":[{"href":"https:\/\/deep-space-astronomy.ch\/en\/wp-json\/wp\/v2\/media?parent=9512"}],"wp:term":[{"taxonomy":"product_brand","embeddable":true,"href":"https:\/\/deep-space-astronomy.ch\/en\/wp-json\/wp\/v2\/product_brand?post=9512"},{"taxonomy":"product_cat","embeddable":true,"href":"https:\/\/deep-space-astronomy.ch\/en\/wp-json\/wp\/v2\/product_cat?post=9512"},{"taxonomy":"product_tag","embeddable":true,"href":"https:\/\/deep-space-astronomy.ch\/en\/wp-json\/wp\/v2\/product_tag?post=9512"}],"curies":[{"name":"wp","href":"https:\/\/api.w.org\/{rel}","templated":true}]}}